{"id":176026,"date":"2024-06-10T09:15:24","date_gmt":"2024-06-10T07:15:24","guid":{"rendered":"https:\/\/www.bassetti-group.com\/2024-06-20-fragebogen-zur-zufriedenheit-webinar-sdis-verwaltung-der-integritaet-von-gebaeuden\/"},"modified":"2024-06-10T09:15:29","modified_gmt":"2024-06-10T07:15:29","slug":"2024-06-20-fragebogen-zur-zufriedenheit-webinar-sdis-verwaltung-der-integritaet-von-gebaeuden","status":"publish","type":"page","link":"https:\/\/www.bassetti-group.com\/de\/2024-06-20-fragebogen-zur-zufriedenheit-webinar-sdis-verwaltung-der-integritaet-von-gebaeuden\/","title":{"rendered":"2024 06 20 &#8211; Fragebogen zur Zufriedenheit Webinar SDIS &#8211; Verwaltung der Integrit\u00e4t von Geb\u00e4uden"},"content":{"rendered":"\t\t<div data-elementor-type=\"wp-page\" data-elementor-id=\"176026\" class=\"elementor elementor-176026\" data-elementor-settings=\"{&quot;ha_cmc_init_switcher&quot;:&quot;no&quot;}\" data-elementor-post-type=\"page\">\n\t\t\t\t\t\t<section class=\"elementor-section elementor-top-section elementor-element elementor-element-c911d46 elementor-section-full_width elementor-section-stretched elementor-section-height-default elementor-section-height-default wpr-particle-no wpr-jarallax-no wpr-parallax-no wpr-sticky-section-no\" data-id=\"c911d46\" data-element_type=\"section\" data-e-type=\"section\" data-settings=\"{&quot;stretch_section&quot;:&quot;section-stretched&quot;,&quot;_ha_eqh_enable&quot;:false}\">\n\t\t\t\t\t\t<div class=\"elementor-container elementor-column-gap-default\">\n\t\t\t\t\t<div class=\"elementor-column elementor-col-50 elementor-top-column elementor-element elementor-element-38a04b9\" data-id=\"38a04b9\" data-element_type=\"column\" data-e-type=\"column\">\n\t\t\t<div class=\"elementor-widget-wrap elementor-element-populated\">\n\t\t\t\t\t\t<div class=\"elementor-element elementor-element-0f08e5f elementor-widget elementor-widget-heading\" data-id=\"0f08e5f\" data-element_type=\"widget\" data-e-type=\"widget\" data-widget_type=\"heading.default\">\n\t\t\t\t<div class=\"elementor-widget-container\">\n\t\t\t\t\t<h2 class=\"elementor-heading-title elementor-size-default\"><b>Fragebogen zur Zufriedenheit<\/b><br>\nSDIS Webinar: Verwaltung der Integrit\u00e4t von Geb\u00e4uden<br><\/h2>\t\t\t\t<\/div>\n\t\t\t\t<\/div>\n\t\t\t\t\t<\/div>\n\t\t<\/div>\n\t\t\t\t<div class=\"elementor-column elementor-col-50 elementor-top-column elementor-element elementor-element-9eac7f5\" data-id=\"9eac7f5\" data-element_type=\"column\" data-e-type=\"column\">\n\t\t\t<div class=\"elementor-widget-wrap\">\n\t\t\t\t\t\t\t<\/div>\n\t\t<\/div>\n\t\t\t\t\t<\/div>\n\t\t<\/section>\n\t\t\t\t<section class=\"elementor-section elementor-top-section elementor-element elementor-element-d567255 elementor-section-full_width elementor-section-stretched elementor-section-height-default elementor-section-height-default wpr-particle-no wpr-jarallax-no wpr-parallax-no wpr-sticky-section-no\" data-id=\"d567255\" data-element_type=\"section\" data-e-type=\"section\" data-settings=\"{&quot;stretch_section&quot;:&quot;section-stretched&quot;,&quot;_ha_eqh_enable&quot;:false}\">\n\t\t\t\t\t\t<div class=\"elementor-container elementor-column-gap-default\">\n\t\t\t\t\t<div class=\"elementor-column elementor-col-50 elementor-top-column elementor-element elementor-element-cec1735\" data-id=\"cec1735\" data-element_type=\"column\" data-e-type=\"column\">\n\t\t\t<div class=\"elementor-widget-wrap elementor-element-populated\">\n\t\t\t\t\t\t<div class=\"elementor-element elementor-element-d5bb7d9 elementor-widget elementor-widget-image\" data-id=\"d5bb7d9\" data-element_type=\"widget\" data-e-type=\"widget\" data-widget_type=\"image.default\">\n\t\t\t\t<div class=\"elementor-widget-container\">\n\t\t\t\t\t\t\t\t\t\t\t\t\t\t\t<img fetchpriority=\"high\" decoding=\"async\" width=\"500\" height=\"280\" src=\"https:\/\/www.bassetti-group.com\/wp-content\/uploads\/2024\/06\/WEB_1-3.jpg\" class=\"attachment-large size-large wp-image-175351\" alt=\"SDIS\" srcset=\"https:\/\/www.bassetti-group.com\/wp-content\/uploads\/2024\/06\/WEB_1-3.jpg 500w, https:\/\/www.bassetti-group.com\/wp-content\/uploads\/2024\/06\/WEB_1-3-300x168.jpg 300w\" sizes=\"(max-width: 500px) 100vw, 500px\" \/>\t\t\t\t\t\t\t\t\t\t\t\t\t\t\t<\/div>\n\t\t\t\t<\/div>\n\t\t\t\t\t<\/div>\n\t\t<\/div>\n\t\t\t\t<div class=\"elementor-column elementor-col-50 elementor-top-column elementor-element elementor-element-0258c83\" data-id=\"0258c83\" data-element_type=\"column\" data-e-type=\"column\" data-settings=\"{&quot;background_background&quot;:&quot;classic&quot;}\">\n\t\t\t<div class=\"elementor-widget-wrap elementor-element-populated\">\n\t\t\t\t\t\t<div class=\"elementor-element elementor-element-1aa8fd9 elementor-widget-divider--view-line elementor-widget elementor-widget-divider\" data-id=\"1aa8fd9\" data-element_type=\"widget\" data-e-type=\"widget\" data-widget_type=\"divider.default\">\n\t\t\t\t<div class=\"elementor-widget-container\">\n\t\t\t\t\t\t\t<div class=\"elementor-divider\">\n\t\t\t<span class=\"elementor-divider-separator\">\n\t\t\t\t\t\t<\/span>\n\t\t<\/div>\n\t\t\t\t\t\t<\/div>\n\t\t\t\t<\/div>\n\t\t\t\t<div class=\"elementor-element elementor-element-bab0fb4 elementor-button-align-start elementor-widget elementor-widget-form\" data-id=\"bab0fb4\" data-element_type=\"widget\" data-e-type=\"widget\" data-settings=\"{&quot;button_width&quot;:&quot;33&quot;,&quot;step_next_label&quot;:&quot;Weiter&quot;,&quot;step_previous_label&quot;:&quot;Zur\\u00fcck&quot;,&quot;step_type&quot;:&quot;number_text&quot;,&quot;step_icon_shape&quot;:&quot;circle&quot;}\" data-widget_type=\"form.default\">\n\t\t\t\t<div class=\"elementor-widget-container\">\n\t\t\t\t\t\t\t<form class=\"elementor-form\" method=\"post\" name=\"Fragebogen zur Zufriedenheit\" aria-label=\"Fragebogen zur Zufriedenheit\">\n\t\t\t<input type=\"hidden\" name=\"post_id\" value=\"176026\"\/>\n\t\t\t<input type=\"hidden\" name=\"form_id\" value=\"bab0fb4\"\/>\n\t\t\t<input type=\"hidden\" name=\"referer_title\" value=\"2024 06 20 - Fragebogen zur Zufriedenheit Webinar SDIS - Verwaltung der Integrit\u00e4t von Geb\u00e4uden - BASSETTI Group\" \/>\n\n\t\t\t\t\t\t\t<input type=\"hidden\" name=\"queried_id\" value=\"176026\"\/>\n\t\t\t\n\t\t\t<div class=\"elementor-form-fields-wrapper elementor-labels-\">\n\t\t\t\t\t\t\t\t<div class=\"elementor-field-type-html elementor-field-group elementor-column elementor-field-group-field_1d5ab71 elementor-col-100\">\n\t\t\t\t\tSie haben soeben das <b>SDIS-Webinar \"Geb\u00e4udeintegrit\u00e4tsmanagement: Entdecken Sie die Grundlagen f\u00fcr eine effiziente finanzielle \u00dcberwachung und Steuerung von Interventionen, insbesondere von regulatorischen Interventionen\" <\/b> besucht und wir danken Ihnen f\u00fcr Ihre Teilnahme.<br> \n\n <br> \nDamit wir uns jedoch bei unseren n\u00e4chsten Pr\u00e4sentationen noch weiter verbessern k\u00f6nnen, w\u00fcrden wir gerne Ihre Meinung zu diesem Webinar mit Hilfe des nachstehenden Fragebogens zur Zufriedenheit erfahren.  <br> \n\nWir danken Ihnen f\u00fcr Ihr Feedback und stehen Ihnen f\u00fcr weitere Fragen gerne zur Verf\u00fcgung.  <br> <br>\n\nDas BASSETTI-Team\n\t\t\t\t<\/div>\n\t\t\t\t\t\t\t\t<div class=\"elementor-field-type-text elementor-field-group elementor-column elementor-field-group-name elementor-col-100 elementor-field-required\">\n\t\t\t\t\t\t\t\t\t\t\t\t<label for=\"form-field-name\" class=\"elementor-field-label elementor-screen-only\">\n\t\t\t\t\t\t\t\tNAME Vorname\t\t\t\t\t\t\t<\/label>\n\t\t\t\t\t\t\t\t\t\t\t\t\t\t<input size=\"1\" type=\"text\" name=\"form_fields[name]\" id=\"form-field-name\" class=\"elementor-field elementor-size-sm  elementor-field-textual\" placeholder=\"NAME Vorname\" required=\"required\">\n\t\t\t\t\t\t\t\t\t\t\t<\/div>\n\t\t\t\t\t\t\t\t<div class=\"elementor-field-type-text elementor-field-group elementor-column elementor-field-group-field_a56e849 elementor-col-50 elementor-field-required\">\n\t\t\t\t\t\t\t\t\t\t\t\t<label for=\"form-field-field_a56e849\" class=\"elementor-field-label elementor-screen-only\">\n\t\t\t\t\t\t\t\tIhr Unternehmen\t\t\t\t\t\t\t<\/label>\n\t\t\t\t\t\t\t\t\t\t\t\t\t\t<input size=\"1\" type=\"text\" name=\"form_fields[field_a56e849]\" id=\"form-field-field_a56e849\" class=\"elementor-field elementor-size-sm  elementor-field-textual\" placeholder=\"Ihr Unternehmen\" required=\"required\">\n\t\t\t\t\t\t\t\t\t\t\t<\/div>\n\t\t\t\t\t\t\t\t<div class=\"elementor-field-type-text elementor-field-group elementor-column elementor-field-group-field_0dec2e3 elementor-col-50 elementor-field-required\">\n\t\t\t\t\t\t\t\t\t\t\t\t<label for=\"form-field-field_0dec2e3\" class=\"elementor-field-label elementor-screen-only\">\n\t\t\t\t\t\t\t\tIhre Funktion\t\t\t\t\t\t\t<\/label>\n\t\t\t\t\t\t\t\t\t\t\t\t\t\t<input size=\"1\" type=\"text\" name=\"form_fields[field_0dec2e3]\" id=\"form-field-field_0dec2e3\" class=\"elementor-field elementor-size-sm  elementor-field-textual\" placeholder=\"Ihre Funktion\" required=\"required\">\n\t\t\t\t\t\t\t\t\t\t\t<\/div>\n\t\t\t\t\t\t\t\t<div class=\"elementor-field-type-number elementor-field-group elementor-column elementor-field-group-field_2db5066 elementor-col-100 elementor-field-required\">\n\t\t\t\t\t\t\t\t\t\t\t\t<label for=\"form-field-field_2db5066\" class=\"elementor-field-label elementor-screen-only\">\n\t\t\t\t\t\t\t\tPLZ\t\t\t\t\t\t\t<\/label>\n\t\t\t\t\t\t\t\t\t<input type=\"number\" name=\"form_fields[field_2db5066]\" id=\"form-field-field_2db5066\" class=\"elementor-field elementor-size-sm  elementor-field-textual\" placeholder=\"PLZ\" required=\"required\" min=\"0\" max=\"\" >\n\t\t\t\t\t\t<\/div>\n\t\t\t\t\t\t\t\t<div class=\"elementor-field-type-html elementor-field-group elementor-column elementor-field-group-field_0fb85a2 elementor-col-100\">\n\t\t\t\t\tWie fanden Sie die Pr\u00e4sentation des Unternehmens?\t\t\t\t<\/div>\n\t\t\t\t\t\t\t\t<div class=\"elementor-field-type-checkbox elementor-field-group elementor-column elementor-field-group-field_49ede25 elementor-col-50\">\n\t\t\t\t\t\t\t\t\t\t\t\t<label for=\"form-field-field_49ede25\" class=\"elementor-field-label elementor-screen-only\">\n\t\t\t\t\t\t\t\tWie fanden Sie die Pr\u00e4sentation des Unternehmens?\t\t\t\t\t\t\t<\/label>\n\t\t\t\t\t\t<div class=\"elementor-field-subgroup  elementor-subgroup-inline\"><span class=\"elementor-field-option\"><input type=\"checkbox\" value=\"Sehr zufriedenstellend\" id=\"form-field-field_49ede25-0\" name=\"form_fields[field_49ede25][]\"> <label for=\"form-field-field_49ede25-0\">Sehr zufriedenstellend<\/label><\/span><span class=\"elementor-field-option\"><input type=\"checkbox\" value=\"Wenig zufriedenstellend\" id=\"form-field-field_49ede25-1\" name=\"form_fields[field_49ede25][]\"> <label for=\"form-field-field_49ede25-1\">Wenig zufriedenstellend<\/label><\/span><span class=\"elementor-field-option\"><input type=\"checkbox\" value=\"Wenig unbefriedigend\" id=\"form-field-field_49ede25-2\" name=\"form_fields[field_49ede25][]\"> <label for=\"form-field-field_49ede25-2\">Wenig unbefriedigend<\/label><\/span><span class=\"elementor-field-option\"><input type=\"checkbox\" value=\"Sehr unbefriedigend\" id=\"form-field-field_49ede25-3\" name=\"form_fields[field_49ede25][]\"> <label for=\"form-field-field_49ede25-3\">Sehr unbefriedigend<\/label><\/span><\/div>\t\t\t\t<\/div>\n\t\t\t\t\t\t\t\t<div class=\"elementor-field-type-text elementor-field-group elementor-column elementor-field-group-field_482ecd7 elementor-col-100 elementor-field-required\">\n\t\t\t\t\t\t\t\t\t\t\t\t<label for=\"form-field-field_482ecd7\" class=\"elementor-field-label elementor-screen-only\">\n\t\t\t\t\t\t\t\tH\u00e4tten Sie gerne mehr Informationen?\t\t\t\t\t\t\t<\/label>\n\t\t\t\t\t\t\t\t\t\t\t\t\t\t<input size=\"1\" type=\"text\" name=\"form_fields[field_482ecd7]\" id=\"form-field-field_482ecd7\" class=\"elementor-field elementor-size-sm  elementor-field-textual\" placeholder=\"H\u00e4tten Sie gerne mehr Informationen?\" required=\"required\">\n\t\t\t\t\t\t\t\t\t\t\t<\/div>\n\t\t\t\t\t\t\t\t<div class=\"elementor-field-type-html elementor-field-group elementor-column elementor-field-group-field_21ab9ee elementor-col-100\">\n\t\t\t\t\tWar es einfach, sich in die Konferenz einzuloggen?  \t\t\t\t<\/div>\n\t\t\t\t\t\t\t\t<div class=\"elementor-field-type-checkbox elementor-field-group elementor-column elementor-field-group-field_c318e95 elementor-col-100\">\n\t\t\t\t\t\t\t\t\t\t\t\t<label for=\"form-field-field_c318e95\" class=\"elementor-field-label elementor-screen-only\">\n\t\t\t\t\t\t\t\tWar es einfach, sich in die Konferenz einzuloggen?\t\t\t\t\t\t\t<\/label>\n\t\t\t\t\t\t<div class=\"elementor-field-subgroup  elementor-subgroup-inline\"><span class=\"elementor-field-option\"><input type=\"checkbox\" value=\"Ja\" id=\"form-field-field_c318e95-0\" name=\"form_fields[field_c318e95][]\"> <label for=\"form-field-field_c318e95-0\">Ja<\/label><\/span><span class=\"elementor-field-option\"><input type=\"checkbox\" value=\"Nein\" id=\"form-field-field_c318e95-1\" name=\"form_fields[field_c318e95][]\"> <label for=\"form-field-field_c318e95-1\">Nein<\/label><\/span><\/div>\t\t\t\t<\/div>\n\t\t\t\t\t\t\t\t<div class=\"elementor-field-type-text elementor-field-group elementor-column elementor-field-group-field_c11b664 elementor-col-100\">\n\t\t\t\t\t\t\t\t\t\t\t\t<label for=\"form-field-field_c11b664\" class=\"elementor-field-label elementor-screen-only\">\n\t\t\t\t\t\t\t\tWenn nein, warum nicht?\t\t\t\t\t\t\t<\/label>\n\t\t\t\t\t\t\t\t\t\t\t\t\t\t<input size=\"1\" type=\"text\" name=\"form_fields[field_c11b664]\" id=\"form-field-field_c11b664\" class=\"elementor-field elementor-size-sm  elementor-field-textual\" placeholder=\"Wenn nein, warum nicht?\">\n\t\t\t\t\t\t\t\t\t\t\t<\/div>\n\t\t\t\t\t\t\t\t<div class=\"elementor-field-type-html elementor-field-group elementor-column elementor-field-group-field_4268848 elementor-col-100\">\n\t\t\t\t\tHaben Sie ein bestimmtes Projekt?  \t\t\t\t<\/div>\n\t\t\t\t\t\t\t\t<div class=\"elementor-field-type-checkbox elementor-field-group elementor-column elementor-field-group-field_b9d6827 elementor-col-50\">\n\t\t\t\t\t\t\t\t\t\t\t\t<label for=\"form-field-field_b9d6827\" class=\"elementor-field-label elementor-screen-only\">\n\t\t\t\t\t\t\t\tHaben Sie ein bestimmtes Projekt?\t\t\t\t\t\t\t<\/label>\n\t\t\t\t\t\t<div class=\"elementor-field-subgroup  elementor-subgroup-inline\"><span class=\"elementor-field-option\"><input type=\"checkbox\" value=\"Ja\" id=\"form-field-field_b9d6827-0\" name=\"form_fields[field_b9d6827][]\"> <label for=\"form-field-field_b9d6827-0\">Ja<\/label><\/span><span class=\"elementor-field-option\"><input type=\"checkbox\" value=\"Nein\" id=\"form-field-field_b9d6827-1\" name=\"form_fields[field_b9d6827][]\"> <label for=\"form-field-field_b9d6827-1\">Nein<\/label><\/span><\/div>\t\t\t\t<\/div>\n\t\t\t\t\t\t\t\t<div class=\"elementor-field-type-text elementor-field-group elementor-column elementor-field-group-field_1853c1c elementor-col-100\">\n\t\t\t\t\t\t\t\t\t\t\t\t<label for=\"form-field-field_1853c1c\" class=\"elementor-field-label elementor-screen-only\">\n\t\t\t\t\t\t\t\tWenn \"Ja\", innerhalb welcher Frist?\t\t\t\t\t\t\t<\/label>\n\t\t\t\t\t\t\t\t\t\t\t\t\t\t<input size=\"1\" type=\"text\" name=\"form_fields[field_1853c1c]\" id=\"form-field-field_1853c1c\" class=\"elementor-field elementor-size-sm  elementor-field-textual\" placeholder=\"Wenn &quot;Ja&quot;, innerhalb welcher Frist?\">\n\t\t\t\t\t\t\t\t\t\t\t<\/div>\n\t\t\t\t\t\t\t\t<div class=\"elementor-field-type-html elementor-field-group elementor-column elementor-field-group-field_0990449 elementor-col-100\">\n\t\t\t\t\tWir weisen Sie darauf hin, dass die in diesem Formular eingegebenen Daten von unseren Dienststellen verwendet werden, um Ihre Anfrage zu beantworten.\t\t\t\t<\/div>\n\t\t\t\t\t\t\t\t<div class=\"elementor-field-type-checkbox elementor-field-group elementor-column elementor-field-group-field_d0560b3 elementor-col-100\">\n\t\t\t\t\t\t\t\t\t\t\t\t<label for=\"form-field-field_d0560b3\" class=\"elementor-field-label elementor-screen-only\">\n\t\t\t\t\t\t\t\tDSGVO 2\t\t\t\t\t\t\t<\/label>\n\t\t\t\t\t\t<div class=\"elementor-field-subgroup  \"><span class=\"elementor-field-option\"><input type=\"checkbox\" value=\"Wenn Sie dieses K\u00e4stchen ankreuzen, erkl\u00e4ren Sie sich damit einverstanden, dass die in diesem Formular eingegebenen Daten von uns verwendet werden, um Ihnen neue Dienstleistungen anzubieten oder Sie \u00fcber m\u00f6gliche Webinare im Zusammenhang mit Ihrer Anfrage zu informieren.\" id=\"form-field-field_d0560b3-0\" name=\"form_fields[field_d0560b3]\"> <label for=\"form-field-field_d0560b3-0\">Wenn Sie dieses K\u00e4stchen ankreuzen, erkl\u00e4ren Sie sich damit einverstanden, dass die in diesem Formular eingegebenen Daten von uns verwendet werden, um Ihnen neue Dienstleistungen anzubieten oder Sie \u00fcber m\u00f6gliche Webinare im Zusammenhang mit Ihrer Anfrage zu informieren.<\/label><\/span><\/div>\t\t\t\t<\/div>\n\t\t\t\t\t\t\t\t<div class=\"elementor-field-type-recaptcha_v3 elementor-field-group elementor-column elementor-field-group-field_309a7e9 elementor-col-100 recaptcha_v3-bottomright\">\n\t\t\t\t\t<div class=\"elementor-field\" id=\"form-field-field_309a7e9\"><div class=\"elementor-g-recaptcha\" data-sitekey=\"6LcX_TkrAAAAAIRVMrJvhWhKDrvpBpXDCGKVmClr\" data-type=\"v3\" data-action=\"Form\" data-badge=\"bottomright\" data-size=\"invisible\"><\/div><\/div>\t\t\t\t<\/div>\n\t\t\t\t\t\t\t\t<div class=\"elementor-field-group elementor-column elementor-field-type-submit elementor-col-33 e-form__buttons\">\n\t\t\t\t\t<button class=\"elementor-button elementor-size-sm\" type=\"submit\">\n\t\t\t\t\t\t<span class=\"elementor-button-content-wrapper\">\n\t\t\t\t\t\t\t\t\t\t\t\t\t\t\t\t\t\t\t\t\t\t<span class=\"elementor-button-text\">Absenden<\/span>\n\t\t\t\t\t\t\t\t\t\t\t\t\t<\/span>\n\t\t\t\t\t<\/button>\n\t\t\t\t<\/div>\n\t\t\t<\/div>\n\t\t<\/form>\n\t\t\t\t\t\t<\/div>\n\t\t\t\t<\/div>\n\t\t\t\t\t<\/div>\n\t\t<\/div>\n\t\t\t\t\t<\/div>\n\t\t<\/section>\n\t\t\t\t<\/div>\n\t\t","protected":false},"excerpt":{"rendered":"<p>Fragebogen zur Zufriedenheit SDIS Webinar: Verwaltung der Integrit\u00e4t von Geb\u00e4uden<\/p>\n","protected":false},"author":40,"featured_media":0,"parent":0,"menu_order":0,"comment_status":"closed","ping_status":"closed","template":"","meta":{"_acf_changed":false,"footnotes":""},"class_list":["post-176026","page","type-page","status-publish"],"acf":[],"_links":{"self":[{"href":"https:\/\/www.bassetti-group.com\/de\/wp-json\/wp\/v2\/pages\/176026","targetHints":{"allow":["GET"]}}],"collection":[{"href":"https:\/\/www.bassetti-group.com\/de\/wp-json\/wp\/v2\/pages"}],"about":[{"href":"https:\/\/www.bassetti-group.com\/de\/wp-json\/wp\/v2\/types\/page"}],"author":[{"embeddable":true,"href":"https:\/\/www.bassetti-group.com\/de\/wp-json\/wp\/v2\/users\/40"}],"replies":[{"embeddable":true,"href":"https:\/\/www.bassetti-group.com\/de\/wp-json\/wp\/v2\/comments?post=176026"}],"version-history":[{"count":0,"href":"https:\/\/www.bassetti-group.com\/de\/wp-json\/wp\/v2\/pages\/176026\/revisions"}],"wp:attachment":[{"href":"https:\/\/www.bassetti-group.com\/de\/wp-json\/wp\/v2\/media?parent=176026"}],"curies":[{"name":"wp","href":"https:\/\/api.w.org\/{rel}","templated":true}]}}