{"id":37136,"date":"2022-02-11T15:04:20","date_gmt":"2022-02-11T14:04:20","guid":{"rendered":"https:\/\/www.bassetti-group.com\/?page_id=37136"},"modified":"2023-09-05T17:06:34","modified_gmt":"2023-09-05T15:06:34","slug":"blog","status":"publish","type":"page","link":"https:\/\/www.bassetti-group.com\/de\/blog\/","title":{"rendered":"Blog"},"content":{"rendered":"\t\t<div data-elementor-type=\"wp-page\" data-elementor-id=\"37136\" class=\"elementor elementor-37136 elementor-32039\" data-elementor-settings=\"{&quot;ha_cmc_init_switcher&quot;:&quot;no&quot;}\" data-elementor-post-type=\"page\">\n\t\t\t\t\t\t<section class=\"elementor-section elementor-top-section elementor-element elementor-element-bdfe321 elementor-section-stretched elementor-section-full_width elementor-section-height-default elementor-section-height-default wpr-particle-no wpr-jarallax-no wpr-parallax-no wpr-sticky-section-no wpr-equal-height-no\" data-id=\"bdfe321\" data-element_type=\"section\" data-e-type=\"section\" data-settings=\"{&quot;stretch_section&quot;:&quot;section-stretched&quot;,&quot;background_background&quot;:&quot;classic&quot;,&quot;_ha_eqh_enable&quot;:false}\">\n\t\t\t\t\t\t<div class=\"elementor-container elementor-column-gap-default\">\n\t\t\t\t\t<div class=\"elementor-column elementor-col-100 elementor-top-column elementor-element elementor-element-0260fad\" data-id=\"0260fad\" data-element_type=\"column\" data-e-type=\"column\">\n\t\t\t<div class=\"elementor-widget-wrap elementor-element-populated\">\n\t\t\t\t\t\t<div class=\"elementor-element elementor-element-43a6e3f elementor-widget elementor-widget-spacer\" data-id=\"43a6e3f\" data-element_type=\"widget\" data-e-type=\"widget\" data-widget_type=\"spacer.default\">\n\t\t\t\t<div class=\"elementor-widget-container\">\n\t\t\t\t\t\t\t<div class=\"elementor-spacer\">\n\t\t\t<div class=\"elementor-spacer-inner\"><\/div>\n\t\t<\/div>\n\t\t\t\t\t\t<\/div>\n\t\t\t\t<\/div>\n\t\t\t\t<section class=\"elementor-section elementor-inner-section elementor-element elementor-element-1faf58b elementor-section-height-min-height elementor-section-boxed elementor-section-height-default wpr-particle-no wpr-jarallax-no wpr-parallax-no wpr-sticky-section-no wpr-equal-height-no\" data-id=\"1faf58b\" data-element_type=\"section\" data-e-type=\"section\" data-settings=\"{&quot;_ha_eqh_enable&quot;:false}\">\n\t\t\t\t\t\t<div class=\"elementor-container elementor-column-gap-wide\">\n\t\t\t\t\t<div class=\"elementor-column elementor-col-100 elementor-inner-column elementor-element elementor-element-4f46ba2\" data-id=\"4f46ba2\" data-element_type=\"column\" data-e-type=\"column\" data-settings=\"{&quot;background_background&quot;:&quot;classic&quot;}\">\n\t\t\t<div class=\"elementor-widget-wrap elementor-element-populated\">\n\t\t\t\t\t\t<div class=\"elementor-element elementor-element-26f8ace elementor-widget elementor-widget-heading\" data-id=\"26f8ace\" data-element_type=\"widget\" data-e-type=\"widget\" data-widget_type=\"heading.default\">\n\t\t\t\t<div class=\"elementor-widget-container\">\n\t\t\t\t\t<h1 class=\"elementor-heading-title elementor-size-default\"><strong>ENTDECKEN SIE HIER<\/strong><br>\nAKTUELLE NEUIGKEITEN<\/h1>\t\t\t\t<\/div>\n\t\t\t\t<\/div>\n\t\t\t\t\t<\/div>\n\t\t<\/div>\n\t\t\t\t\t<\/div>\n\t\t<\/section>\n\t\t\t\t<div class=\"elementor-element elementor-element-9320f9f elementor-widget elementor-widget-spacer\" data-id=\"9320f9f\" data-element_type=\"widget\" data-e-type=\"widget\" data-widget_type=\"spacer.default\">\n\t\t\t\t<div class=\"elementor-widget-container\">\n\t\t\t\t\t\t\t<div class=\"elementor-spacer\">\n\t\t\t<div class=\"elementor-spacer-inner\"><\/div>\n\t\t<\/div>\n\t\t\t\t\t\t<\/div>\n\t\t\t\t<\/div>\n\t\t\t\t\t<\/div>\n\t\t<\/div>\n\t\t\t\t\t<\/div>\n\t\t<\/section>\n\t\t\t\t<section class=\"elementor-section elementor-top-section elementor-element elementor-element-1d2fd15 elementor-section-full_width elementor-section-height-default elementor-section-height-default wpr-particle-no wpr-jarallax-no wpr-parallax-no wpr-sticky-section-no wpr-equal-height-no\" data-id=\"1d2fd15\" data-element_type=\"section\" data-e-type=\"section\" data-settings=\"{&quot;_ha_eqh_enable&quot;:false}\">\n\t\t\t\t\t\t<div class=\"elementor-container elementor-column-gap-default\">\n\t\t\t\t\t<div class=\"elementor-column elementor-col-100 elementor-top-column elementor-element elementor-element-1cf7915\" data-id=\"1cf7915\" data-element_type=\"column\" data-e-type=\"column\" data-settings=\"{&quot;motion_fx_motion_fx_scrolling&quot;:&quot;yes&quot;,&quot;motion_fx_translateX_effect&quot;:&quot;yes&quot;,&quot;motion_fx_translateX_speed&quot;:{&quot;unit&quot;:&quot;px&quot;,&quot;size&quot;:&quot;1&quot;,&quot;sizes&quot;:[]},&quot;motion_fx_translateX_affectedRange&quot;:{&quot;unit&quot;:&quot;%&quot;,&quot;size&quot;:&quot;&quot;,&quot;sizes&quot;:{&quot;start&quot;:&quot;0&quot;,&quot;end&quot;:&quot;50&quot;}},&quot;motion_fx_devices&quot;:[&quot;desktop&quot;,&quot;tablet&quot;]}\">\n\t\t\t<div class=\"elementor-widget-wrap elementor-element-populated\">\n\t\t\t\t\t\t<div class=\"elementor-element elementor-element-f72a79e elementor-widget-divider--view-line_text elementor-widget-divider--element-align-left elementor-widget elementor-widget-divider\" data-id=\"f72a79e\" data-element_type=\"widget\" data-e-type=\"widget\" data-widget_type=\"divider.default\">\n\t\t\t\t<div class=\"elementor-widget-container\">\n\t\t\t\t\t\t\t<div class=\"elementor-divider\">\n\t\t\t<span class=\"elementor-divider-separator\">\n\t\t\t\t\t\t\t<span class=\"elementor-divider__text elementor-divider__element\">\n\t\t\t\t<strong>ENTDECKEN SIE HIER<\/strong><br> AKTUELLE NEUIGKEITEN\t\t\t\t<\/span>\n\t\t\t\t\t\t<\/span>\n\t\t<\/div>\n\t\t\t\t\t\t<\/div>\n\t\t\t\t<\/div>\n\t\t\t\t\t<\/div>\n\t\t<\/div>\n\t\t\t\t\t<\/div>\n\t\t<\/section>\n\t\t\t\t<section class=\"elementor-section elementor-top-section elementor-element elementor-element-ac25522 elementor-section-full_width elementor-section-height-default elementor-section-height-default wpr-particle-no wpr-jarallax-no wpr-parallax-no wpr-sticky-section-no wpr-equal-height-no\" data-id=\"ac25522\" data-element_type=\"section\" data-e-type=\"section\" data-settings=\"{&quot;_ha_eqh_enable&quot;:false}\">\n\t\t\t\t\t\t<div class=\"elementor-container elementor-column-gap-default\">\n\t\t\t\t\t<div class=\"elementor-column elementor-col-100 elementor-top-column elementor-element elementor-element-abfcd89\" data-id=\"abfcd89\" data-element_type=\"column\" data-e-type=\"column\">\n\t\t\t<div class=\"elementor-widget-wrap elementor-element-populated\">\n\t\t\t\t\t\t<div class=\"elementor-element elementor-element-a2d0414 elementor-grid-3 elementor-grid-tablet-2 elementor-grid-mobile-1 elementor-posts--thumbnail-top elementor-widget elementor-widget-posts\" data-id=\"a2d0414\" data-element_type=\"widget\" data-e-type=\"widget\" data-settings=\"{&quot;classic_row_gap&quot;:{&quot;unit&quot;:&quot;px&quot;,&quot;size&quot;:&quot;50&quot;,&quot;sizes&quot;:[]},&quot;pagination_type&quot;:&quot;numbers&quot;,&quot;classic_columns&quot;:&quot;3&quot;,&quot;classic_columns_tablet&quot;:&quot;2&quot;,&quot;classic_columns_mobile&quot;:&quot;1&quot;,&quot;classic_row_gap_tablet&quot;:{&quot;unit&quot;:&quot;px&quot;,&quot;size&quot;:&quot;&quot;,&quot;sizes&quot;:[]},&quot;classic_row_gap_mobile&quot;:{&quot;unit&quot;:&quot;px&quot;,&quot;size&quot;:&quot;&quot;,&quot;sizes&quot;:[]}}\" data-widget_type=\"posts.classic\">\n\t\t\t\t<div class=\"elementor-widget-container\">\n\t\t\t\t\t\t\t<div class=\"elementor-posts-container elementor-posts elementor-posts--skin-classic elementor-grid\" role=\"list\">\n\t\t\t\t<article class=\"elementor-post elementor-grid-item post-327355 post type-post status-publish format-standard has-post-thumbnail category-news tag-blog-artikel\" role=\"listitem\">\n\t\t\t\t<a class=\"elementor-post__thumbnail__link\" href=\"https:\/\/www.bassetti-group.com\/de\/was-ist-eine-mes-software-guide\/\" tabindex=\"-1\" target=&quot;_blank&quot;>\n\t\t\t<div class=\"elementor-post__thumbnail\"><img fetchpriority=\"high\" decoding=\"async\" width=\"500\" height=\"280\" src=\"https:\/\/www.bassetti-group.com\/wp-content\/uploads\/2025\/09\/MES-Guide-DE.png\" class=\"attachment-large size-large wp-image-380505\" alt=\"Was ist eine MES-Software? MES Guide\" srcset=\"https:\/\/www.bassetti-group.com\/wp-content\/uploads\/2025\/09\/MES-Guide-DE.png 500w, https:\/\/www.bassetti-group.com\/wp-content\/uploads\/2025\/09\/MES-Guide-DE-300x168.png 300w\" sizes=\"(max-width: 500px) 100vw, 500px\" \/><\/div>\n\t\t<\/a>\n\t\t\t\t<div class=\"elementor-post__text\">\n\t\t\t\t<h3 class=\"elementor-post__title\">\n\t\t\t<a href=\"https:\/\/www.bassetti-group.com\/de\/was-ist-eine-mes-software-guide\/\" target=&quot;_blank&quot;>\n\t\t\t\tWas ist eine MES-Software? Der komplette Guide zu Manufacturing Execution Systems.\t\t\t<\/a>\n\t\t<\/h3>\n\t\t\n\t\t<a class=\"elementor-post__read-more\" href=\"https:\/\/www.bassetti-group.com\/de\/was-ist-eine-mes-software-guide\/\" aria-label=\"Mehr \u00fcber Was ist eine MES-Software? Der komplette Guide zu Manufacturing Execution Systems.\" tabindex=\"-1\" target=\"_blank\">\n\t\t\tmehr erfahren\t\t<\/a>\n\n\t\t\t\t<\/div>\n\t\t\t\t<\/article>\n\t\t\t\t<article class=\"elementor-post elementor-grid-item post-379632 post type-post status-publish format-standard has-post-thumbnail category-news tag-blog-artikel\" role=\"listitem\">\n\t\t\t\t<a class=\"elementor-post__thumbnail__link\" href=\"https:\/\/www.bassetti-group.com\/de\/qualitaetsmanagement-mehr-als-nur-compliance\/\" tabindex=\"-1\" target=&quot;_blank&quot;>\n\t\t\t<div class=\"elementor-post__thumbnail\"><img decoding=\"async\" width=\"500\" height=\"280\" src=\"https:\/\/www.bassetti-group.com\/wp-content\/uploads\/2025\/08\/beyond-compliance-DE-1.png\" class=\"attachment-large size-large wp-image-379786\" alt=\"\" srcset=\"https:\/\/www.bassetti-group.com\/wp-content\/uploads\/2025\/08\/beyond-compliance-DE-1.png 500w, https:\/\/www.bassetti-group.com\/wp-content\/uploads\/2025\/08\/beyond-compliance-DE-1-300x168.png 300w\" sizes=\"(max-width: 500px) 100vw, 500px\" \/><\/div>\n\t\t<\/a>\n\t\t\t\t<div class=\"elementor-post__text\">\n\t\t\t\t<h3 class=\"elementor-post__title\">\n\t\t\t<a href=\"https:\/\/www.bassetti-group.com\/de\/qualitaetsmanagement-mehr-als-nur-compliance\/\" target=&quot;_blank&quot;>\n\t\t\t\tMehr als nur Compliance: Wird Ihr Qualit\u00e4tsmanagement zur treibenden Kraft f\u00fcr operative Exzellenz?\t\t\t<\/a>\n\t\t<\/h3>\n\t\t\n\t\t<a class=\"elementor-post__read-more\" href=\"https:\/\/www.bassetti-group.com\/de\/qualitaetsmanagement-mehr-als-nur-compliance\/\" aria-label=\"Mehr \u00fcber Mehr als nur Compliance: Wird Ihr Qualit\u00e4tsmanagement zur treibenden Kraft f\u00fcr operative Exzellenz?\" tabindex=\"-1\" target=\"_blank\">\n\t\t\tmehr erfahren\t\t<\/a>\n\n\t\t\t\t<\/div>\n\t\t\t\t<\/article>\n\t\t\t\t<article class=\"elementor-post elementor-grid-item post-337121 post type-post status-publish format-standard has-post-thumbnail category-news tag-blog-artikel\" role=\"listitem\">\n\t\t\t\t<a class=\"elementor-post__thumbnail__link\" href=\"https:\/\/www.bassetti-group.com\/de\/mastering-maintenance-der-umfassende-cmms-guide-fuer-effizientes-instandhaltungsmanagement\/\" tabindex=\"-1\" target=&quot;_blank&quot;>\n\t\t\t<div class=\"elementor-post__thumbnail\"><img decoding=\"async\" width=\"500\" height=\"280\" src=\"https:\/\/www.bassetti-group.com\/wp-content\/uploads\/2026\/04\/CMMS-Guide-DE-2.png\" class=\"attachment-large size-large wp-image-379197\" alt=\"Mastering Maintenance: Der umfassende CMMS-Guide\" srcset=\"https:\/\/www.bassetti-group.com\/wp-content\/uploads\/2026\/04\/CMMS-Guide-DE-2.png 500w, https:\/\/www.bassetti-group.com\/wp-content\/uploads\/2026\/04\/CMMS-Guide-DE-2-300x168.png 300w\" sizes=\"(max-width: 500px) 100vw, 500px\" \/><\/div>\n\t\t<\/a>\n\t\t\t\t<div class=\"elementor-post__text\">\n\t\t\t\t<h3 class=\"elementor-post__title\">\n\t\t\t<a href=\"https:\/\/www.bassetti-group.com\/de\/mastering-maintenance-der-umfassende-cmms-guide-fuer-effizientes-instandhaltungsmanagement\/\" target=&quot;_blank&quot;>\n\t\t\t\tMastering Maintenance: Der umfassende CMMS-Guide f\u00fcr effizientes Instandhaltungsmanagement\t\t\t<\/a>\n\t\t<\/h3>\n\t\t\n\t\t<a class=\"elementor-post__read-more\" href=\"https:\/\/www.bassetti-group.com\/de\/mastering-maintenance-der-umfassende-cmms-guide-fuer-effizientes-instandhaltungsmanagement\/\" aria-label=\"Mehr \u00fcber Mastering Maintenance: Der umfassende CMMS-Guide f\u00fcr effizientes Instandhaltungsmanagement\" tabindex=\"-1\" target=\"_blank\">\n\t\t\tmehr erfahren\t\t<\/a>\n\n\t\t\t\t<\/div>\n\t\t\t\t<\/article>\n\t\t\t\t<article class=\"elementor-post elementor-grid-item post-332405 post type-post status-publish format-standard has-post-thumbnail category-news tag-blog-artikel\" role=\"listitem\">\n\t\t\t\t<a class=\"elementor-post__thumbnail__link\" href=\"https:\/\/www.bassetti-group.com\/de\/datenintegritat-im-digitalen-labor\/\" tabindex=\"-1\" target=&quot;_blank&quot;>\n\t\t\t<div class=\"elementor-post__thumbnail\"><img loading=\"lazy\" decoding=\"async\" width=\"500\" height=\"280\" src=\"https:\/\/www.bassetti-group.com\/wp-content\/uploads\/2026\/04\/Datenintegritat-Blogpost.png\" class=\"attachment-large size-large wp-image-375777\" alt=\"Datenintegrit\u00e4t im digitalen Labor\" srcset=\"https:\/\/www.bassetti-group.com\/wp-content\/uploads\/2026\/04\/Datenintegritat-Blogpost.png 500w, https:\/\/www.bassetti-group.com\/wp-content\/uploads\/2026\/04\/Datenintegritat-Blogpost-300x168.png 300w\" sizes=\"(max-width: 500px) 100vw, 500px\" \/><\/div>\n\t\t<\/a>\n\t\t\t\t<div class=\"elementor-post__text\">\n\t\t\t\t<h3 class=\"elementor-post__title\">\n\t\t\t<a href=\"https:\/\/www.bassetti-group.com\/de\/datenintegritat-im-digitalen-labor\/\" target=&quot;_blank&quot;>\n\t\t\t\tDatenintegrit\u00e4t im digitalen Labor: Wie LIMS die Compliance von Tag eins an sicherstellt\t\t\t<\/a>\n\t\t<\/h3>\n\t\t\n\t\t<a class=\"elementor-post__read-more\" href=\"https:\/\/www.bassetti-group.com\/de\/datenintegritat-im-digitalen-labor\/\" aria-label=\"Mehr \u00fcber Datenintegrit\u00e4t im digitalen Labor: Wie LIMS die Compliance von Tag eins an sicherstellt\" tabindex=\"-1\" target=\"_blank\">\n\t\t\tmehr erfahren\t\t<\/a>\n\n\t\t\t\t<\/div>\n\t\t\t\t<\/article>\n\t\t\t\t<article class=\"elementor-post elementor-grid-item post-373749 post type-post status-publish format-standard has-post-thumbnail category-news tag-blog-artikel\" role=\"listitem\">\n\t\t\t\t<a class=\"elementor-post__thumbnail__link\" href=\"https:\/\/www.bassetti-group.com\/de\/leitfaden-fuer-elektronische-laborbuecher\/\" tabindex=\"-1\" target=&quot;_blank&quot;>\n\t\t\t<div class=\"elementor-post__thumbnail\"><img loading=\"lazy\" decoding=\"async\" width=\"500\" height=\"280\" src=\"https:\/\/www.bassetti-group.com\/wp-content\/uploads\/2025\/08\/eln-guide-post-DE.png\" class=\"attachment-large size-large wp-image-373851\" alt=\"Leitfaden Elektronisches Laborbuch (ELN)\" srcset=\"https:\/\/www.bassetti-group.com\/wp-content\/uploads\/2025\/08\/eln-guide-post-DE.png 500w, https:\/\/www.bassetti-group.com\/wp-content\/uploads\/2025\/08\/eln-guide-post-DE-300x168.png 300w\" sizes=\"(max-width: 500px) 100vw, 500px\" \/><\/div>\n\t\t<\/a>\n\t\t\t\t<div class=\"elementor-post__text\">\n\t\t\t\t<h3 class=\"elementor-post__title\">\n\t\t\t<a href=\"https:\/\/www.bassetti-group.com\/de\/leitfaden-fuer-elektronische-laborbuecher\/\" target=&quot;_blank&quot;>\n\t\t\t\tVom Papier zur Digitalisierung: Ein Leitfaden f\u00fcr elektronische Laborb\u00fccher (ELN)\t\t\t<\/a>\n\t\t<\/h3>\n\t\t\n\t\t<a class=\"elementor-post__read-more\" href=\"https:\/\/www.bassetti-group.com\/de\/leitfaden-fuer-elektronische-laborbuecher\/\" aria-label=\"Mehr \u00fcber Vom Papier zur Digitalisierung: Ein Leitfaden f\u00fcr elektronische Laborb\u00fccher (ELN)\" tabindex=\"-1\" target=\"_blank\">\n\t\t\tmehr erfahren\t\t<\/a>\n\n\t\t\t\t<\/div>\n\t\t\t\t<\/article>\n\t\t\t\t<article class=\"elementor-post elementor-grid-item post-370905 post type-post status-publish format-standard has-post-thumbnail category-news category-messe-news\" role=\"listitem\">\n\t\t\t\t<a class=\"elementor-post__thumbnail__link\" href=\"https:\/\/www.bassetti-group.com\/de\/bassetti-auf-der-analytica-2026-in-muenchen\/\" tabindex=\"-1\" target=&quot;_blank&quot;>\n\t\t\t<div class=\"elementor-post__thumbnail\"><img loading=\"lazy\" decoding=\"async\" width=\"1024\" height=\"574\" src=\"https:\/\/www.bassetti-group.com\/wp-content\/uploads\/2026\/03\/analytica_post_DE-1024x574.png\" class=\"attachment-large size-large wp-image-373363\" alt=\"\" srcset=\"https:\/\/www.bassetti-group.com\/wp-content\/uploads\/2026\/03\/analytica_post_DE-1024x574.png 1024w, https:\/\/www.bassetti-group.com\/wp-content\/uploads\/2026\/03\/analytica_post_DE-300x168.png 300w, https:\/\/www.bassetti-group.com\/wp-content\/uploads\/2026\/03\/analytica_post_DE-768x430.png 768w, https:\/\/www.bassetti-group.com\/wp-content\/uploads\/2026\/03\/analytica_post_DE.png 1160w\" sizes=\"(max-width: 1024px) 100vw, 1024px\" \/><\/div>\n\t\t<\/a>\n\t\t\t\t<div class=\"elementor-post__text\">\n\t\t\t\t<h3 class=\"elementor-post__title\">\n\t\t\t<a href=\"https:\/\/www.bassetti-group.com\/de\/bassetti-auf-der-analytica-2026-in-muenchen\/\" target=&quot;_blank&quot;>\n\t\t\t\tBASSETTI auf der analytica 2026 in M\u00fcnchen!\t\t\t<\/a>\n\t\t<\/h3>\n\t\t\n\t\t<a class=\"elementor-post__read-more\" href=\"https:\/\/www.bassetti-group.com\/de\/bassetti-auf-der-analytica-2026-in-muenchen\/\" aria-label=\"Mehr \u00fcber BASSETTI auf der analytica 2026 in M\u00fcnchen!\" tabindex=\"-1\" target=\"_blank\">\n\t\t\tmehr erfahren\t\t<\/a>\n\n\t\t\t\t<\/div>\n\t\t\t\t<\/article>\n\t\t\t\t<article class=\"elementor-post elementor-grid-item post-362653 post type-post status-publish format-standard has-post-thumbnail category-news category-messe-news\" role=\"listitem\">\n\t\t\t\t<a class=\"elementor-post__thumbnail__link\" href=\"https:\/\/www.bassetti-group.com\/de\/premiere-in-dortmund-bassetti-auf-der-maintenance-2026\/\" tabindex=\"-1\" target=&quot;_blank&quot;>\n\t\t\t<div class=\"elementor-post__thumbnail\"><img loading=\"lazy\" decoding=\"async\" width=\"1024\" height=\"574\" src=\"https:\/\/www.bassetti-group.com\/wp-content\/uploads\/2026\/02\/Maintenance_forum_DE-1024x574.png\" class=\"attachment-large size-large wp-image-364061\" alt=\"\" srcset=\"https:\/\/www.bassetti-group.com\/wp-content\/uploads\/2026\/02\/Maintenance_forum_DE-1024x574.png 1024w, https:\/\/www.bassetti-group.com\/wp-content\/uploads\/2026\/02\/Maintenance_forum_DE-300x168.png 300w, https:\/\/www.bassetti-group.com\/wp-content\/uploads\/2026\/02\/Maintenance_forum_DE-768x430.png 768w, https:\/\/www.bassetti-group.com\/wp-content\/uploads\/2026\/02\/Maintenance_forum_DE.png 1160w\" sizes=\"(max-width: 1024px) 100vw, 1024px\" \/><\/div>\n\t\t<\/a>\n\t\t\t\t<div class=\"elementor-post__text\">\n\t\t\t\t<h3 class=\"elementor-post__title\">\n\t\t\t<a href=\"https:\/\/www.bassetti-group.com\/de\/premiere-in-dortmund-bassetti-auf-der-maintenance-2026\/\" target=&quot;_blank&quot;>\n\t\t\t\tPremiere in Dortmund: BASSETTI auf der maintenance 2026!\t\t\t<\/a>\n\t\t<\/h3>\n\t\t\n\t\t<a class=\"elementor-post__read-more\" href=\"https:\/\/www.bassetti-group.com\/de\/premiere-in-dortmund-bassetti-auf-der-maintenance-2026\/\" aria-label=\"Mehr \u00fcber Premiere in Dortmund: BASSETTI auf der maintenance 2026!\" tabindex=\"-1\" target=\"_blank\">\n\t\t\tmehr erfahren\t\t<\/a>\n\n\t\t\t\t<\/div>\n\t\t\t\t<\/article>\n\t\t\t\t<article class=\"elementor-post elementor-grid-item post-330035 post type-post status-publish format-standard has-post-thumbnail category-news category-messe-news\" role=\"listitem\">\n\t\t\t\t<a class=\"elementor-post__thumbnail__link\" href=\"https:\/\/www.bassetti-group.com\/de\/driving-innovation-die-bassetti-group-auf-den-automotive-manufacturing-meetings-in-madrid\/\" tabindex=\"-1\" target=&quot;_blank&quot;>\n\t\t\t<div class=\"elementor-post__thumbnail\"><img loading=\"lazy\" decoding=\"async\" width=\"1024\" height=\"575\" src=\"https:\/\/www.bassetti-group.com\/wp-content\/uploads\/2025\/10\/AMM-Madrid-expo-2025-DE-1024x575.png\" class=\"attachment-large size-large wp-image-336662\" alt=\"\" srcset=\"https:\/\/www.bassetti-group.com\/wp-content\/uploads\/2025\/10\/AMM-Madrid-expo-2025-DE-1024x575.png 1024w, https:\/\/www.bassetti-group.com\/wp-content\/uploads\/2025\/10\/AMM-Madrid-expo-2025-DE-300x169.png 300w, https:\/\/www.bassetti-group.com\/wp-content\/uploads\/2025\/10\/AMM-Madrid-expo-2025-DE-768x431.png 768w, https:\/\/www.bassetti-group.com\/wp-content\/uploads\/2025\/10\/AMM-Madrid-expo-2025-DE.png 1157w\" sizes=\"(max-width: 1024px) 100vw, 1024px\" \/><\/div>\n\t\t<\/a>\n\t\t\t\t<div class=\"elementor-post__text\">\n\t\t\t\t<h3 class=\"elementor-post__title\">\n\t\t\t<a href=\"https:\/\/www.bassetti-group.com\/de\/driving-innovation-die-bassetti-group-auf-den-automotive-manufacturing-meetings-in-madrid\/\" target=&quot;_blank&quot;>\n\t\t\t\tDriving Innovation: Die BASSETTI GROUP auf den Automotive Manufacturing Meetings in Madrid\t\t\t<\/a>\n\t\t<\/h3>\n\t\t\n\t\t<a class=\"elementor-post__read-more\" href=\"https:\/\/www.bassetti-group.com\/de\/driving-innovation-die-bassetti-group-auf-den-automotive-manufacturing-meetings-in-madrid\/\" aria-label=\"Mehr \u00fcber Driving Innovation: Die BASSETTI GROUP auf den Automotive Manufacturing Meetings in Madrid\" tabindex=\"-1\" target=\"_blank\">\n\t\t\tmehr erfahren\t\t<\/a>\n\n\t\t\t\t<\/div>\n\t\t\t\t<\/article>\n\t\t\t\t<article class=\"elementor-post elementor-grid-item post-328006 post type-post status-publish format-standard has-post-thumbnail category-news category-messe-news\" role=\"listitem\">\n\t\t\t\t<a class=\"elementor-post__thumbnail__link\" href=\"https:\/\/www.bassetti-group.com\/de\/testxpo-2025\/\" tabindex=\"-1\" target=&quot;_blank&quot;>\n\t\t\t<div class=\"elementor-post__thumbnail\"><img loading=\"lazy\" decoding=\"async\" width=\"1024\" height=\"575\" src=\"https:\/\/www.bassetti-group.com\/wp-content\/uploads\/2025\/10\/TestXpo-October-2025-1024x575.png\" class=\"attachment-large size-large wp-image-328536\" alt=\"\" srcset=\"https:\/\/www.bassetti-group.com\/wp-content\/uploads\/2025\/10\/TestXpo-October-2025-1024x575.png 1024w, https:\/\/www.bassetti-group.com\/wp-content\/uploads\/2025\/10\/TestXpo-October-2025-300x169.png 300w, https:\/\/www.bassetti-group.com\/wp-content\/uploads\/2025\/10\/TestXpo-October-2025-768x431.png 768w, https:\/\/www.bassetti-group.com\/wp-content\/uploads\/2025\/10\/TestXpo-October-2025.png 1157w\" sizes=\"(max-width: 1024px) 100vw, 1024px\" \/><\/div>\n\t\t<\/a>\n\t\t\t\t<div class=\"elementor-post__text\">\n\t\t\t\t<h3 class=\"elementor-post__title\">\n\t\t\t<a href=\"https:\/\/www.bassetti-group.com\/de\/testxpo-2025\/\" target=&quot;_blank&quot;>\n\t\t\t\tTestXpo 2025: BASSETTI pr\u00e4sentiert TEEXMA for LIMS &#8211; vollst\u00e4ndig kompatibel mit TestXpert\t\t\t<\/a>\n\t\t<\/h3>\n\t\t\n\t\t<a class=\"elementor-post__read-more\" href=\"https:\/\/www.bassetti-group.com\/de\/testxpo-2025\/\" aria-label=\"Mehr \u00fcber TestXpo 2025: BASSETTI pr\u00e4sentiert TEEXMA for LIMS &#8211; vollst\u00e4ndig kompatibel mit TestXpert\" tabindex=\"-1\" target=\"_blank\">\n\t\t\tmehr erfahren\t\t<\/a>\n\n\t\t\t\t<\/div>\n\t\t\t\t<\/article>\n\t\t\t\t<\/div>\n\t\t\n\t\t\t\t<div class=\"e-load-more-anchor\" data-page=\"1\" data-max-page=\"10\" data-next-page=\"https:\/\/www.bassetti-group.com\/de\/wp-json\/wp\/v2\/pages\/37136\/page\/2\/\"><\/div>\n\t\t\t\t<nav class=\"elementor-pagination\" aria-label=\"Seitennummerierung\">\n\t\t\t<span aria-current=\"page\" class=\"page-numbers current\"><span class=\"elementor-screen-only\">Seite<\/span>1<\/span>\n<a class=\"page-numbers\" href=\"https:\/\/www.bassetti-group.com\/de\/wp-json\/wp\/v2\/pages\/37136\/page\/2\/\"><span class=\"elementor-screen-only\">Seite<\/span>2<\/a>\n<a class=\"page-numbers\" href=\"https:\/\/www.bassetti-group.com\/de\/wp-json\/wp\/v2\/pages\/37136\/page\/3\/\"><span class=\"elementor-screen-only\">Seite<\/span>3<\/a>\n<span class=\"page-numbers dots\">&hellip;<\/span>\n<a class=\"page-numbers\" href=\"https:\/\/www.bassetti-group.com\/de\/wp-json\/wp\/v2\/pages\/37136\/page\/10\/\"><span class=\"elementor-screen-only\">Seite<\/span>10<\/a>\t\t<\/nav>\n\t\t\t\t\t\t<\/div>\n\t\t\t\t<\/div>\n\t\t\t\t\t<\/div>\n\t\t<\/div>\n\t\t\t\t\t<\/div>\n\t\t<\/section>\n\t\t\t\t<\/div>\n\t\t","protected":false},"excerpt":{"rendered":"<p>ENTDECKEN SIE HIER AKTUELLE NEUIGKEITEN ENTDECKEN SIE HIER AKTUELLE NEUIGKEITEN<\/p>\n","protected":false},"author":30,"featured_media":0,"parent":0,"menu_order":0,"comment_status":"closed","ping_status":"closed","template":"","meta":{"_acf_changed":false,"footnotes":""},"class_list":["post-37136","page","type-page","status-publish"],"acf":[],"_links":{"self":[{"href":"https:\/\/www.bassetti-group.com\/de\/wp-json\/wp\/v2\/pages\/37136","targetHints":{"allow":["GET"]}}],"collection":[{"href":"https:\/\/www.bassetti-group.com\/de\/wp-json\/wp\/v2\/pages"}],"about":[{"href":"https:\/\/www.bassetti-group.com\/de\/wp-json\/wp\/v2\/types\/page"}],"author":[{"embeddable":true,"href":"https:\/\/www.bassetti-group.com\/de\/wp-json\/wp\/v2\/users\/30"}],"replies":[{"embeddable":true,"href":"https:\/\/www.bassetti-group.com\/de\/wp-json\/wp\/v2\/comments?post=37136"}],"version-history":[{"count":0,"href":"https:\/\/www.bassetti-group.com\/de\/wp-json\/wp\/v2\/pages\/37136\/revisions"}],"wp:attachment":[{"href":"https:\/\/www.bassetti-group.com\/de\/wp-json\/wp\/v2\/media?parent=37136"}],"curies":[{"name":"wp","href":"https:\/\/api.w.org\/{rel}","templated":true}]}}