{"id":37228,"date":"2022-02-11T16:38:01","date_gmt":"2022-02-11T15:38:01","guid":{"rendered":"https:\/\/www.bassetti-group.com\/?page_id=37228"},"modified":"2026-01-16T16:44:05","modified_gmt":"2026-01-16T15:44:05","slug":"webinare","status":"publish","type":"page","link":"https:\/\/www.bassetti-group.com\/de\/webinare\/","title":{"rendered":"Webinare"},"content":{"rendered":"\t\t<div data-elementor-type=\"wp-page\" data-elementor-id=\"37228\" class=\"elementor elementor-37228 elementor-31949\" data-elementor-settings=\"{&quot;ha_cmc_init_switcher&quot;:&quot;no&quot;}\" data-elementor-post-type=\"page\">\n\t\t\t\t\t\t<section class=\"elementor-section elementor-top-section elementor-element elementor-element-544afce2 elementor-section-stretched elementor-section-height-min-height elementor-section-boxed elementor-section-height-default elementor-section-items-middle wpr-particle-no wpr-jarallax-no wpr-parallax-no wpr-sticky-section-no wpr-equal-height-no\" data-id=\"544afce2\" data-element_type=\"section\" data-e-type=\"section\" data-settings=\"{&quot;stretch_section&quot;:&quot;section-stretched&quot;,&quot;background_background&quot;:&quot;classic&quot;,&quot;_ha_eqh_enable&quot;:false}\">\n\t\t\t\t\t\t<div class=\"elementor-container elementor-column-gap-default\">\n\t\t\t\t\t<div class=\"elementor-column elementor-col-100 elementor-top-column elementor-element elementor-element-1c74d373\" data-id=\"1c74d373\" data-element_type=\"column\" data-e-type=\"column\" data-settings=\"{&quot;background_background&quot;:&quot;classic&quot;}\">\n\t\t\t<div class=\"elementor-widget-wrap elementor-element-populated\">\n\t\t\t\t\t\t<div class=\"elementor-element elementor-element-f766930 elementor-widget elementor-widget-heading\" data-id=\"f766930\" data-element_type=\"widget\" data-e-type=\"widget\" data-widget_type=\"heading.default\">\n\t\t\t\t<div class=\"elementor-widget-container\">\n\t\t\t\t\t<h1 class=\"elementor-heading-title elementor-size-default\"><strong>MELDEN SIE SICH HIER F\u00dcR <\/strong><br>UNSERE WEBINARE AN<\/h1>\t\t\t\t<\/div>\n\t\t\t\t<\/div>\n\t\t\t\t\t<\/div>\n\t\t<\/div>\n\t\t\t\t\t<\/div>\n\t\t<\/section>\n\t\t\t\t<section class=\"elementor-section elementor-top-section elementor-element elementor-element-99272c6 elementor-section-boxed elementor-section-height-default elementor-section-height-default wpr-particle-no wpr-jarallax-no wpr-parallax-no wpr-sticky-section-no wpr-equal-height-no\" data-id=\"99272c6\" data-element_type=\"section\" data-e-type=\"section\" data-settings=\"{&quot;_ha_eqh_enable&quot;:false}\">\n\t\t\t\t\t\t<div class=\"elementor-container elementor-column-gap-default\">\n\t\t\t\t\t<div class=\"elementor-column elementor-col-100 elementor-top-column elementor-element elementor-element-0ca162d\" data-id=\"0ca162d\" data-element_type=\"column\" data-e-type=\"column\">\n\t\t\t<div class=\"elementor-widget-wrap elementor-element-populated\">\n\t\t\t\t\t\t<div class=\"elementor-element elementor-element-36d0274 elementor-widget elementor-widget-spacer\" data-id=\"36d0274\" data-element_type=\"widget\" data-e-type=\"widget\" data-widget_type=\"spacer.default\">\n\t\t\t\t<div class=\"elementor-widget-container\">\n\t\t\t\t\t\t\t<div class=\"elementor-spacer\">\n\t\t\t<div class=\"elementor-spacer-inner\"><\/div>\n\t\t<\/div>\n\t\t\t\t\t\t<\/div>\n\t\t\t\t<\/div>\n\t\t\t\t\t<\/div>\n\t\t<\/div>\n\t\t\t\t\t<\/div>\n\t\t<\/section>\n\t\t<div class=\"elementor-element elementor-element-15eb2bf e-flex e-con-boxed wpr-particle-no wpr-jarallax-no wpr-parallax-no wpr-sticky-section-no wpr-equal-height-no e-con e-parent\" data-id=\"15eb2bf\" data-element_type=\"container\" data-e-type=\"container\" data-settings=\"{&quot;_ha_eqh_enable&quot;:false}\">\n\t\t\t\t\t<div class=\"e-con-inner\">\n\t\t\t\t<div class=\"elementor-element elementor-element-c202901 elementor-widget elementor-widget-html\" data-id=\"c202901\" data-element_type=\"widget\" data-e-type=\"widget\" data-widget_type=\"html.default\">\n\t\t\t\t<div class=\"elementor-widget-container\">\n\t\t\t\t\t<script>\r\ndocument.addEventListener('DOMContentLoaded', function() {\r\n    function processArticle(articleNode) {\r\n        if (articleNode.classList.contains('category-webinar-replays') && !articleNode.classList.contains('wpr-button-updated')) {\r\n            const readMoreButton = articleNode.querySelector('.wpr-grid-item-read-more span');\r\n            if (readMoreButton) {\r\n                readMoreButton.textContent = 'Replay';\r\n            }\r\n            articleNode.classList.add('wpr-button-updated');\r\n        }\r\n    }\r\n\r\n    const gridContainer = document.querySelector('section.wpr-grid');\r\n\r\n    if (gridContainer) {\r\n        const initialArticles = gridContainer.querySelectorAll('article.wpr-grid-item');\r\n        initialArticles.forEach(processArticle);\r\n\r\n        const observer = new MutationObserver(function(mutationsList) {\r\n            for (const mutation of mutationsList) {\r\n                if (mutation.type === 'childList') {\r\n                    mutation.addedNodes.forEach(function(node) {\r\n                        if (node.nodeType === 1 && node.matches('article.wpr-grid-item')) {\r\n                            processArticle(node);\r\n                        }\r\n                    });\r\n                }\r\n            }\r\n        });\r\n\r\n        observer.observe(gridContainer, { childList: true, subtree: true });\r\n    }\r\n});\r\n<\/script>\t\t\t\t<\/div>\n\t\t\t\t<\/div>\n\t\t\t\t\t<\/div>\n\t\t\t\t<\/div>\n\t\t<div class=\"elementor-element elementor-element-166f1f1 e-con-full e-flex wpr-particle-no wpr-jarallax-no wpr-parallax-no wpr-sticky-section-no wpr-equal-height-no e-con e-parent\" data-id=\"166f1f1\" data-element_type=\"container\" data-e-type=\"container\" data-settings=\"{&quot;_ha_eqh_enable&quot;:false}\">\n\t\t\t\t<div class=\"elementor-element elementor-element-b22a350 elementor-widget__width-inherit wpr-grid-columns-3 wpr-grid-columns--tablet2 wpr-grid-columns--mobile1 wpr-grid-pagination-center wpr-item-styles-inner elementor-widget elementor-widget-wpr-grid\" data-id=\"b22a350\" data-element_type=\"widget\" data-e-type=\"widget\" data-widget_type=\"wpr-grid.default\">\n\t\t\t\t<div class=\"elementor-widget-container\">\n\t\t\t\t\t<ul class=\"wpr-grid-filters elementor-clearfix wpr-grid-filters-sep-right\"><li class=\" wpr-pointer-none wpr-pointer-line-fx wpr-pointer-fx-fade\"><span  data-filter=\"*\" class=\"wpr-grid-filters-item wpr-active-filter \"><i class=\" wpr-grid-filters-icon-left\"><\/i>All webinars<\/span><em class=\"wpr-grid-filters-sep\"><\/em><\/li><li class=\" wpr-pointer-none wpr-pointer-line-fx wpr-pointer-fx-fade\"><span   data-ajax-filter=[\"category\",\"webinare\"]  data-filter=\".category-webinare\"><i class=\" wpr-grid-filters-icon-left\"><\/i>Upcoming Webinars<\/span><em class=\"wpr-grid-filters-sep\"><\/em><\/li><li class=\" wpr-pointer-none wpr-pointer-line-fx wpr-pointer-fx-fade\"><span   data-ajax-filter=[\"category\",\"webinar-replays\"]  data-filter=\".category-webinar-replays\"><i class=\" wpr-grid-filters-icon-left\"><\/i>Available Replays<\/span><em class=\"wpr-grid-filters-sep\"><\/em><\/li><\/ul><section class=\"wpr-grid elementor-clearfix\" data-settings=\"{&quot;layout&quot;:&quot;fitRows&quot;,&quot;stick_last_element_to_bottom&quot;:&quot;&quot;,&quot;columns_desktop&quot;:3,&quot;gutter_hr&quot;:30,&quot;gutter_hr_mobile&quot;:25,&quot;gutter_hr_mobile_extra&quot;:25,&quot;gutter_hr_tablet&quot;:25,&quot;gutter_hr_tablet_extra&quot;:30,&quot;gutter_hr_laptop&quot;:30,&quot;gutter_hr_widescreen&quot;:30,&quot;gutter_vr&quot;:25,&quot;gutter_vr_mobile&quot;:25,&quot;gutter_vr_mobile_extra&quot;:25,&quot;gutter_vr_tablet&quot;:25,&quot;gutter_vr_tablet_extra&quot;:25,&quot;gutter_vr_laptop&quot;:25,&quot;gutter_vr_widescreen&quot;:25,&quot;animation&quot;:&quot;default&quot;,&quot;animation_duration&quot;:0.3,&quot;animation_delay&quot;:0.1,&quot;deeplinking&quot;:&quot;no&quot;,&quot;filters_linkable&quot;:&quot;no&quot;,&quot;filters_default_filter&quot;:&quot;&quot;,&quot;filters_count&quot;:&quot;no&quot;,&quot;filters_hide_empty&quot;:&quot;no&quot;,&quot;filters_animation&quot;:&quot;default&quot;,&quot;filters_animation_duration&quot;:0.3,&quot;filters_animation_delay&quot;:0.1,&quot;pagination_type&quot;:&quot;load-more&quot;,&quot;pagination_max_pages&quot;:11,&quot;lightbox&quot;:{&quot;selector&quot;:&quot;.wpr-grid-image-wrap&quot;,&quot;iframeMaxWidth&quot;:&quot;60%&quot;,&quot;hash&quot;:false,&quot;autoplay&quot;:&quot;true&quot;,&quot;pause&quot;:5000,&quot;progressBar&quot;:&quot;true&quot;,&quot;counter&quot;:&quot;true&quot;,&quot;controls&quot;:&quot;true&quot;,&quot;getCaptionFromTitleOrAlt&quot;:&quot;true&quot;,&quot;thumbnail&quot;:&quot;true&quot;,&quot;showThumbByDefault&quot;:&quot;true&quot;,&quot;share&quot;:&quot;true&quot;,&quot;zoom&quot;:&quot;true&quot;,&quot;fullScreen&quot;:&quot;true&quot;,&quot;download&quot;:&quot;true&quot;}}\" data-advanced-filters=\"no\"><article class=\"wpr-grid-item elementor-clearfix post-376058 post type-post status-publish format-standard has-post-thumbnail category-webinare\"><div class=\"wpr-grid-item-inner\"><div class=\"wpr-grid-media-wrap wpr-effect-size-medium \" data-overlay-link=\"yes\"><div class=\"wpr-grid-image-wrap\" data-src=\"https:\/\/www.bassetti-group.com\/wp-content\/uploads\/2026\/04\/Template-Webinar-12-scaled.jpg\" data-img-on-hover=\"\"  data-src-secondary=\"\"><img decoding=\"async\" data-no-lazy=\"1\" src=\"https:\/\/www.bassetti-group.com\/wp-content\/uploads\/2026\/04\/Template-Webinar-12-scaled.jpg\" alt=\"MES webinar\" class=\"wpr-anim-timing-ease-default\"><\/div><div class=\"wpr-grid-media-hover wpr-animation-wrap\"><div class=\"wpr-grid-media-hover-bg  wpr-overlay-fade-in wpr-anim-size-large wpr-anim-timing-ease-default\" data-url=\"https:\/\/www.bassetti-group.com\/de\/may-7-2026-webinar-how-ai-is-redefining-manufacturing-execution-systems\/\"><\/div><\/div><\/div><div class=\"wpr-grid-item-below-content elementor-clearfix\"><h3 class=\"wpr-grid-item-title elementor-repeater-item-4efe2bb wpr-grid-item-display-block wpr-grid-item-align-center wpr-pointer-none wpr-pointer-line-fx wpr-pointer-fx-slide\"><div class=\"inner-block\"><a target=\"_self\"  href=\"https:\/\/www.bassetti-group.com\/de\/may-7-2026-webinar-how-ai-is-redefining-manufacturing-execution-systems\/\">May 7, 2026 Webinar: How AI is Redefining Manufacturing Execution Systems<\/a><\/div><\/h3><div class=\"wpr-grid-item-read-more elementor-repeater-item-2a08132 wpr-grid-item-display-block wpr-grid-item-align-center\"><div class=\"inner-block\"><a target=\"_self\" href=\"https:\/\/www.bassetti-group.com\/de\/may-7-2026-webinar-how-ai-is-redefining-manufacturing-execution-systems\/\" class=\"wpr-button-effect wpr-button-none\"><span>Register<\/span><\/a><\/div><\/div><\/div><\/div><\/article><article class=\"wpr-grid-item elementor-clearfix post-374567 post type-post status-publish format-standard has-post-thumbnail category-webinare\"><div class=\"wpr-grid-item-inner\"><div class=\"wpr-grid-media-wrap wpr-effect-size-medium \" data-overlay-link=\"yes\"><div class=\"wpr-grid-image-wrap\" data-src=\"https:\/\/www.bassetti-group.com\/wp-content\/uploads\/2026\/04\/Template-Webinar-10-scaled.jpg\" data-img-on-hover=\"\"  data-src-secondary=\"\"><img decoding=\"async\" data-no-lazy=\"1\" src=\"https:\/\/www.bassetti-group.com\/wp-content\/uploads\/2026\/04\/Template-Webinar-10-scaled.jpg\" alt=\"maintenance webinar\" class=\"wpr-anim-timing-ease-default\"><\/div><div class=\"wpr-grid-media-hover wpr-animation-wrap\"><div class=\"wpr-grid-media-hover-bg  wpr-overlay-fade-in wpr-anim-size-large wpr-anim-timing-ease-default\" data-url=\"https:\/\/www.bassetti-group.com\/de\/april-30-2026-webinar-ai-applications-for-cmms-maintenance-4-0\/\"><\/div><\/div><\/div><div class=\"wpr-grid-item-below-content elementor-clearfix\"><h3 class=\"wpr-grid-item-title elementor-repeater-item-4efe2bb wpr-grid-item-display-block wpr-grid-item-align-center wpr-pointer-none wpr-pointer-line-fx wpr-pointer-fx-slide\"><div class=\"inner-block\"><a target=\"_self\"  href=\"https:\/\/www.bassetti-group.com\/de\/april-30-2026-webinar-ai-applications-for-cmms-maintenance-4-0\/\">April 30, 2026 Webinar: AI Applications for CMMS &amp; Maintenance 4.0<\/a><\/div><\/h3><div class=\"wpr-grid-item-read-more elementor-repeater-item-2a08132 wpr-grid-item-display-block wpr-grid-item-align-center\"><div class=\"inner-block\"><a target=\"_self\" href=\"https:\/\/www.bassetti-group.com\/de\/april-30-2026-webinar-ai-applications-for-cmms-maintenance-4-0\/\" class=\"wpr-button-effect wpr-button-none\"><span>Register<\/span><\/a><\/div><\/div><\/div><\/div><\/article><article class=\"wpr-grid-item elementor-clearfix post-374794 post type-post status-publish format-standard has-post-thumbnail category-webinare\"><div class=\"wpr-grid-item-inner\"><div class=\"wpr-grid-media-wrap wpr-effect-size-medium \" data-overlay-link=\"yes\"><div class=\"wpr-grid-image-wrap\" data-src=\"https:\/\/www.bassetti-group.com\/wp-content\/uploads\/2026\/04\/Template-Webinar-11-scaled.jpg\" data-img-on-hover=\"\"  data-src-secondary=\"\"><img decoding=\"async\" data-no-lazy=\"1\" src=\"https:\/\/www.bassetti-group.com\/wp-content\/uploads\/2026\/04\/Template-Webinar-11-scaled.jpg\" alt=\"Materials Webinar\" class=\"wpr-anim-timing-ease-default\"><\/div><div class=\"wpr-grid-media-hover wpr-animation-wrap\"><div class=\"wpr-grid-media-hover-bg  wpr-overlay-fade-in wpr-anim-size-large wpr-anim-timing-ease-default\" data-url=\"https:\/\/www.bassetti-group.com\/de\/april-29-2026-webinar-accelerate-aerospace-innovation-with-materials-engineering\/\"><\/div><\/div><\/div><div class=\"wpr-grid-item-below-content elementor-clearfix\"><h3 class=\"wpr-grid-item-title elementor-repeater-item-4efe2bb wpr-grid-item-display-block wpr-grid-item-align-center wpr-pointer-none wpr-pointer-line-fx wpr-pointer-fx-slide\"><div class=\"inner-block\"><a target=\"_self\"  href=\"https:\/\/www.bassetti-group.com\/de\/april-29-2026-webinar-accelerate-aerospace-innovation-with-materials-engineering\/\">April 29, 2026 Webinar: Accelerate Aerospace Innovation with Materials Engineering<\/a><\/div><\/h3><div class=\"wpr-grid-item-read-more elementor-repeater-item-2a08132 wpr-grid-item-display-block wpr-grid-item-align-center\"><div class=\"inner-block\"><a target=\"_self\" href=\"https:\/\/www.bassetti-group.com\/de\/april-29-2026-webinar-accelerate-aerospace-innovation-with-materials-engineering\/\" class=\"wpr-button-effect wpr-button-none\"><span>Register<\/span><\/a><\/div><\/div><\/div><\/div><\/article><article class=\"wpr-grid-item elementor-clearfix post-373688 post type-post status-publish format-standard has-post-thumbnail category-webinare\"><div class=\"wpr-grid-item-inner\"><div class=\"wpr-grid-media-wrap wpr-effect-size-medium \" data-overlay-link=\"yes\"><div class=\"wpr-grid-image-wrap\" data-src=\"https:\/\/www.bassetti-group.com\/wp-content\/uploads\/2026\/03\/Template-Webinar-6-scaled.jpg\" data-img-on-hover=\"\"  data-src-secondary=\"\"><img decoding=\"async\" data-no-lazy=\"1\" src=\"https:\/\/www.bassetti-group.com\/wp-content\/uploads\/2026\/03\/Template-Webinar-6-scaled.jpg\" alt=\"PLM Webinar\" class=\"wpr-anim-timing-ease-default\"><\/div><div class=\"wpr-grid-media-hover wpr-animation-wrap\"><div class=\"wpr-grid-media-hover-bg  wpr-overlay-fade-in wpr-anim-size-large wpr-anim-timing-ease-default\" data-url=\"https:\/\/www.bassetti-group.com\/de\/april-28-2026-webinar-drive-product-innovation-from-design-to-manufacturing\/\"><\/div><\/div><\/div><div class=\"wpr-grid-item-below-content elementor-clearfix\"><h3 class=\"wpr-grid-item-title elementor-repeater-item-4efe2bb wpr-grid-item-display-block wpr-grid-item-align-center wpr-pointer-none wpr-pointer-line-fx wpr-pointer-fx-slide\"><div class=\"inner-block\"><a target=\"_self\"  href=\"https:\/\/www.bassetti-group.com\/de\/april-28-2026-webinar-drive-product-innovation-from-design-to-manufacturing\/\">April 28, 2026 Webinar: Drive Product Innovation from Design to Manufacturing<\/a><\/div><\/h3><div class=\"wpr-grid-item-read-more elementor-repeater-item-2a08132 wpr-grid-item-display-block wpr-grid-item-align-center\"><div class=\"inner-block\"><a target=\"_self\" href=\"https:\/\/www.bassetti-group.com\/de\/april-28-2026-webinar-drive-product-innovation-from-design-to-manufacturing\/\" class=\"wpr-button-effect wpr-button-none\"><span>Register<\/span><\/a><\/div><\/div><\/div><\/div><\/article><article class=\"wpr-grid-item elementor-clearfix post-373673 post type-post status-publish format-standard has-post-thumbnail category-webinare\"><div class=\"wpr-grid-item-inner\"><div class=\"wpr-grid-media-wrap wpr-effect-size-medium \" data-overlay-link=\"yes\"><div class=\"wpr-grid-image-wrap\" data-src=\"https:\/\/www.bassetti-group.com\/wp-content\/uploads\/2026\/03\/Template-Webinar-9-scaled.jpg\" data-img-on-hover=\"\"  data-src-secondary=\"\"><img decoding=\"async\" data-no-lazy=\"1\" src=\"https:\/\/www.bassetti-group.com\/wp-content\/uploads\/2026\/03\/Template-Webinar-9-scaled.jpg\" alt=\"LIMS Webinar\" class=\"wpr-anim-timing-ease-default\"><\/div><div class=\"wpr-grid-media-hover wpr-animation-wrap\"><div class=\"wpr-grid-media-hover-bg  wpr-overlay-fade-in wpr-anim-size-large wpr-anim-timing-ease-default\" data-url=\"https:\/\/www.bassetti-group.com\/de\/april-23-2026-webinar-how-to-eliminate-manual-errors-and-prove-roi-in-your-lab\/\"><\/div><\/div><\/div><div class=\"wpr-grid-item-below-content elementor-clearfix\"><h3 class=\"wpr-grid-item-title elementor-repeater-item-4efe2bb wpr-grid-item-display-block wpr-grid-item-align-center wpr-pointer-none wpr-pointer-line-fx wpr-pointer-fx-slide\"><div class=\"inner-block\"><a target=\"_self\"  href=\"https:\/\/www.bassetti-group.com\/de\/april-23-2026-webinar-how-to-eliminate-manual-errors-and-prove-roi-in-your-lab\/\">April 23, 2026 Webinar: How to Eliminate Manual Errors and Prove ROI in Your Lab<\/a><\/div><\/h3><div class=\"wpr-grid-item-read-more elementor-repeater-item-2a08132 wpr-grid-item-display-block wpr-grid-item-align-center\"><div class=\"inner-block\"><a target=\"_self\" href=\"https:\/\/www.bassetti-group.com\/de\/april-23-2026-webinar-how-to-eliminate-manual-errors-and-prove-roi-in-your-lab\/\" class=\"wpr-button-effect wpr-button-none\"><span>Register<\/span><\/a><\/div><\/div><\/div><\/div><\/article><article class=\"wpr-grid-item elementor-clearfix post-373336 post type-post status-publish format-standard has-post-thumbnail category-webinar-replays category-teexma-for-am-replays\"><div class=\"wpr-grid-item-inner\"><div class=\"wpr-grid-media-wrap wpr-effect-size-medium \" data-overlay-link=\"yes\"><div class=\"wpr-grid-image-wrap\" data-src=\"https:\/\/www.bassetti-group.com\/wp-content\/uploads\/2026\/03\/Template-Webinar-8-scaled.jpg\" data-img-on-hover=\"\"  data-src-secondary=\"\"><img decoding=\"async\" data-no-lazy=\"1\" src=\"https:\/\/www.bassetti-group.com\/wp-content\/uploads\/2026\/03\/Template-Webinar-8-scaled.jpg\" alt=\"AM Webinars\" class=\"wpr-anim-timing-ease-default\"><\/div><div class=\"wpr-grid-media-hover wpr-animation-wrap\"><div class=\"wpr-grid-media-hover-bg  wpr-overlay-fade-in wpr-anim-size-large wpr-anim-timing-ease-default\" data-url=\"https:\/\/www.bassetti-group.com\/de\/april-15-2026-webinar-secure-total-traceability-for-critical-parts-in-aerospace-and-defense\/\"><\/div><\/div><\/div><div class=\"wpr-grid-item-below-content elementor-clearfix\"><h3 class=\"wpr-grid-item-title elementor-repeater-item-4efe2bb wpr-grid-item-display-block wpr-grid-item-align-center wpr-pointer-none wpr-pointer-line-fx wpr-pointer-fx-slide\"><div class=\"inner-block\"><a target=\"_self\"  href=\"https:\/\/www.bassetti-group.com\/de\/april-15-2026-webinar-secure-total-traceability-for-critical-parts-in-aerospace-and-defense\/\">April 15, 2026 Webinar: Secure Total Traceability for Critical Parts in Aerospace and Defense<\/a><\/div><\/h3><div class=\"wpr-grid-item-read-more elementor-repeater-item-2a08132 wpr-grid-item-display-block wpr-grid-item-align-center\"><div class=\"inner-block\"><a target=\"_self\" href=\"https:\/\/www.bassetti-group.com\/de\/april-15-2026-webinar-secure-total-traceability-for-critical-parts-in-aerospace-and-defense\/\" class=\"wpr-button-effect wpr-button-none\"><span>Register<\/span><\/a><\/div><\/div><\/div><\/div><\/article><\/section><div class=\"wpr-grid-pagination elementor-clearfix wpr-grid-pagination-load-more\" data-pages=\"11\"><a href=\"https:\/\/www.bassetti-group.com\/de\/wp-json\/wp\/v2\/pages\/37228\/page\/2\/\" class=\"wpr-load-more-btn\" data-e-disable-page-transition >See more<\/a><div class=\"wpr-pagination-loading\"><div class=\"wpr-double-bounce\"><div class=\"wpr-child wpr-double-bounce1\"><\/div><div class=\"wpr-child wpr-double-bounce2\"><\/div><\/div><\/div><p class=\"wpr-pagination-finish\">Fin de contenu<\/p><\/div>\t\t\t\t<\/div>\n\t\t\t\t<\/div>\n\t\t\t\t<\/div>\n\t\t\t\t<\/div>\n\t\t","protected":false},"excerpt":{"rendered":"<p>MELDEN SIE SICH HIER F\u00dcR UNSERE WEBINARE AN All webinars Upcoming Webinars Available Replays 25 F\u00e9vrier 2026 &#8211; Ma\u00eetriser l&rsquo;invisible : de la poudre \u00e0 la pi\u00e8ce \u2013 la tra\u00e7abilit\u00e9&#8230;<\/p>\n","protected":false},"author":30,"featured_media":0,"parent":0,"menu_order":0,"comment_status":"closed","ping_status":"closed","template":"elementor_header_footer","meta":{"_acf_changed":false,"footnotes":""},"class_list":["post-37228","page","type-page","status-publish"],"acf":[],"_links":{"self":[{"href":"https:\/\/www.bassetti-group.com\/de\/wp-json\/wp\/v2\/pages\/37228","targetHints":{"allow":["GET"]}}],"collection":[{"href":"https:\/\/www.bassetti-group.com\/de\/wp-json\/wp\/v2\/pages"}],"about":[{"href":"https:\/\/www.bassetti-group.com\/de\/wp-json\/wp\/v2\/types\/page"}],"author":[{"embeddable":true,"href":"https:\/\/www.bassetti-group.com\/de\/wp-json\/wp\/v2\/users\/30"}],"replies":[{"embeddable":true,"href":"https:\/\/www.bassetti-group.com\/de\/wp-json\/wp\/v2\/comments?post=37228"}],"version-history":[{"count":24,"href":"https:\/\/www.bassetti-group.com\/de\/wp-json\/wp\/v2\/pages\/37228\/revisions"}],"predecessor-version":[{"id":358228,"href":"https:\/\/www.bassetti-group.com\/de\/wp-json\/wp\/v2\/pages\/37228\/revisions\/358228"}],"wp:attachment":[{"href":"https:\/\/www.bassetti-group.com\/de\/wp-json\/wp\/v2\/media?parent=37228"}],"curies":[{"name":"wp","href":"https:\/\/api.w.org\/{rel}","templated":true}]}}