{"id":376460,"date":"2026-04-10T11:20:43","date_gmt":"2026-04-10T09:20:43","guid":{"rendered":"https:\/\/www.bassetti-group.com\/unsere-weissbuecher\/"},"modified":"2026-04-22T13:26:08","modified_gmt":"2026-04-22T11:26:08","slug":"whitepaper","status":"publish","type":"page","link":"https:\/\/www.bassetti-group.com\/de\/whitepaper\/","title":{"rendered":"Whitepaper"},"content":{"rendered":"\t\t<div data-elementor-type=\"wp-page\" data-elementor-id=\"376460\" class=\"elementor elementor-376460 elementor-357047\" data-elementor-settings=\"{&quot;ha_cmc_init_switcher&quot;:&quot;no&quot;}\" data-elementor-post-type=\"page\">\n\t\t\t\t<div class=\"elementor-element elementor-element-b69e2b9 e-con-full e-flex wpr-particle-no wpr-jarallax-no wpr-parallax-no wpr-sticky-section-no wpr-equal-height-no e-con e-parent\" data-id=\"b69e2b9\" data-element_type=\"container\" data-e-type=\"container\" data-settings=\"{&quot;_ha_eqh_enable&quot;:false}\">\n\t\t<div class=\"elementor-element elementor-element-5c05f23 e-con-full e-flex wpr-particle-no wpr-jarallax-no wpr-parallax-no wpr-sticky-section-no wpr-equal-height-no e-con e-child\" data-id=\"5c05f23\" data-element_type=\"container\" data-e-type=\"container\" data-settings=\"{&quot;_ha_eqh_enable&quot;:false}\">\n\t\t\t\t<div class=\"elementor-element elementor-element-035dd5c elementor-widget elementor-widget-icon-box\" data-id=\"035dd5c\" data-element_type=\"widget\" data-e-type=\"widget\" data-widget_type=\"icon-box.default\">\n\t\t\t\t<div class=\"elementor-widget-container\">\n\t\t\t\t\t\t\t<div class=\"elementor-icon-box-wrapper\">\n\n\t\t\t\n\t\t\t\t\t\t<div class=\"elementor-icon-box-content\">\n\n\t\t\t\t\t\t\t\t\t<h2 class=\"elementor-icon-box-title\">\n\t\t\t\t\t\t<span  >\n\t\t\t\t\t\t\t<i class=\"fa-solid fa-flask\" style=\"font-size: 25px;margin-bottom: 10px;color:#ec6408\"><\/i><br>Unsere whitepapers <span style=\"color:#ec6408;font-weight: 600\">LIMS<\/span>\t\t\t\t\t\t<\/span>\n\t\t\t\t\t<\/h2>\n\t\t\t\t\n\t\t\t\t\n\t\t\t<\/div>\n\t\t\t\n\t\t<\/div>\n\t\t\t\t\t\t<\/div>\n\t\t\t\t<\/div>\n\t\t\t\t<div class=\"elementor-element elementor-element-93f293d elementor-widget elementor-widget-text-editor\" data-id=\"93f293d\" data-element_type=\"widget\" data-e-type=\"widget\" data-widget_type=\"text-editor.default\">\n\t\t\t\t<div class=\"elementor-widget-container\">\n\t\t\t\t\t\t\t\t\t<ul><li><span style=\"color: #000000;\"><strong><span style=\"color: #ec6408;\"><a style=\"color: #ec6408;\" href=\"https:\/\/www.bassetti-group.com\/de\/whitepaper-teexma-for-lims\/\">LIMS<\/a><\/span> <\/strong>: Digitalisierung ihrer laboraktivit\u00e4ten.<\/span><\/li><li><span style=\"color: #000000;\"><strong><span style=\"color: #ec6408;\"><a style=\"color: #ec6408;\" href=\"https:\/\/www.bassetti-group.com\/de\/whitepaper-eln\/\">ELN<\/a> <\/span><\/strong>: Maximieren Sie die operative Effizienz Ihrer Laboraktivit\u00e4ten.<\/span><\/li><\/ul>\t\t\t\t\t\t\t\t<\/div>\n\t\t\t\t<\/div>\n\t\t\t\t<\/div>\n\t\t<div class=\"elementor-element elementor-element-08d132e e-con-full e-flex wpr-particle-no wpr-jarallax-no wpr-parallax-no wpr-sticky-section-no wpr-equal-height-no e-con e-child\" data-id=\"08d132e\" data-element_type=\"container\" data-e-type=\"container\" data-settings=\"{&quot;_ha_eqh_enable&quot;:false}\">\n\t\t\t\t<div class=\"elementor-element elementor-element-2ca0c87 elementor-widget elementor-widget-icon-box\" data-id=\"2ca0c87\" data-element_type=\"widget\" data-e-type=\"widget\" data-widget_type=\"icon-box.default\">\n\t\t\t\t<div class=\"elementor-widget-container\">\n\t\t\t\t\t\t\t<div class=\"elementor-icon-box-wrapper\">\n\n\t\t\t\n\t\t\t\t\t\t<div class=\"elementor-icon-box-content\">\n\n\t\t\t\t\t\t\t\t\t<h2 class=\"elementor-icon-box-title\">\n\t\t\t\t\t\t<span  >\n\t\t\t\t\t\t\t<i class=\"fa-regular fa-circle-check\" style=\"font-size: 25px;margin-bottom: 10px;color:#ec6408\"><\/i><br>Unsere withepapers <span style=\"color:#ec6408;font-weight: 600\">Quality<\/span>\t\t\t\t\t\t<\/span>\n\t\t\t\t\t<\/h2>\n\t\t\t\t\n\t\t\t\t\n\t\t\t<\/div>\n\t\t\t\n\t\t<\/div>\n\t\t\t\t\t\t<\/div>\n\t\t\t\t<\/div>\n\t\t\t\t<div class=\"elementor-element elementor-element-e8fd710 elementor-widget elementor-widget-text-editor\" data-id=\"e8fd710\" data-element_type=\"widget\" data-e-type=\"widget\" data-widget_type=\"text-editor.default\">\n\t\t\t\t<div class=\"elementor-widget-container\">\n\t\t\t\t\t\t\t\t\t<ul><li><strong><a href=\"https:\/\/www.bassetti-group.com\/de\/whitepaper-teexma-for-quality\/\">Quality<\/a><\/strong>: der probleml\u00f6sungsansatz.<\/li><\/ul>\t\t\t\t\t\t\t\t<\/div>\n\t\t\t\t<\/div>\n\t\t\t\t<\/div>\n\t\t<div class=\"elementor-element elementor-element-466e888 e-con-full e-flex wpr-particle-no wpr-jarallax-no wpr-parallax-no wpr-sticky-section-no wpr-equal-height-no e-con e-child\" data-id=\"466e888\" data-element_type=\"container\" data-e-type=\"container\" data-settings=\"{&quot;_ha_eqh_enable&quot;:false}\">\n\t\t\t\t<div class=\"elementor-element elementor-element-57e8abe elementor-widget elementor-widget-icon-box\" data-id=\"57e8abe\" data-element_type=\"widget\" data-e-type=\"widget\" data-widget_type=\"icon-box.default\">\n\t\t\t\t<div class=\"elementor-widget-container\">\n\t\t\t\t\t\t\t<div class=\"elementor-icon-box-wrapper\">\n\n\t\t\t\n\t\t\t\t\t\t<div class=\"elementor-icon-box-content\">\n\n\t\t\t\t\t\t\t\t\t<h2 class=\"elementor-icon-box-title\">\n\t\t\t\t\t\t<span  >\n\t\t\t\t\t\t\t<i class=\"fa-sharp fa-solid fa-nfc-pen\" style=\"font-size: 25px;margin-bottom: 10px;color:#ec6408\"><\/i><br>Unsere withepapers <span style=\"color:#ec6408;font-weight: 600\">Additive Manufacturing<\/span>\t\t\t\t\t\t<\/span>\n\t\t\t\t\t<\/h2>\n\t\t\t\t\n\t\t\t\t\n\t\t\t<\/div>\n\t\t\t\n\t\t<\/div>\n\t\t\t\t\t\t<\/div>\n\t\t\t\t<\/div>\n\t\t\t\t<div class=\"elementor-element elementor-element-9e27e16 elementor-widget elementor-widget-text-editor\" data-id=\"9e27e16\" data-element_type=\"widget\" data-e-type=\"widget\" data-widget_type=\"text-editor.default\">\n\t\t\t\t<div class=\"elementor-widget-container\">\n\t\t\t\t\t\t\t\t\t<ul><li><a href=\"https:\/\/www.bassetti-group.com\/de\/whitepaper-teexma-for-am\/\"><strong>Additive Manufacturing<\/strong><\/a> : Welche bew\u00e4hrten Verfahren sollten f\u00fcr die Organisation eines Prozesses von F&amp;E bis B2P eingesetzt werden?<\/li><li><a href=\"https:\/\/www.bassetti-group.com\/de\/additive-manufacturing-digital-thread-white-paper\/\"><strong>Digital Thread <\/strong><\/a>\u00a0: Revolution in den industriellen Produktionsprozessen.<\/li><\/ul>\t\t\t\t\t\t\t\t<\/div>\n\t\t\t\t<\/div>\n\t\t\t\t<\/div>\n\t\t<div class=\"elementor-element elementor-element-3a1ee62 e-con-full e-flex wpr-particle-no wpr-jarallax-no wpr-parallax-no wpr-sticky-section-no wpr-equal-height-no e-con e-child\" data-id=\"3a1ee62\" data-element_type=\"container\" data-e-type=\"container\" data-settings=\"{&quot;_ha_eqh_enable&quot;:false}\">\n\t\t\t\t<div class=\"elementor-element elementor-element-b65201b elementor-widget elementor-widget-icon-box\" data-id=\"b65201b\" data-element_type=\"widget\" data-e-type=\"widget\" data-widget_type=\"icon-box.default\">\n\t\t\t\t<div class=\"elementor-widget-container\">\n\t\t\t\t\t\t\t<div class=\"elementor-icon-box-wrapper\">\n\n\t\t\t\n\t\t\t\t\t\t<div class=\"elementor-icon-box-content\">\n\n\t\t\t\t\t\t\t\t\t<h2 class=\"elementor-icon-box-title\">\n\t\t\t\t\t\t<span  >\n\t\t\t\t\t\t\tUnsere <span style=\"color:#ec6408;font-weight: 600\">anderen<\/span> withepapers\t\t\t\t\t\t<\/span>\n\t\t\t\t\t<\/h2>\n\t\t\t\t\n\t\t\t\t\n\t\t\t<\/div>\n\t\t\t\n\t\t<\/div>\n\t\t\t\t\t\t<\/div>\n\t\t\t\t<\/div>\n\t\t\t\t<div class=\"elementor-element elementor-element-4a506d1 elementor-widget elementor-widget-text-editor\" data-id=\"4a506d1\" data-element_type=\"widget\" data-e-type=\"widget\" data-widget_type=\"text-editor.default\">\n\t\t\t\t<div class=\"elementor-widget-container\">\n\t\t\t\t\t\t\t\t\t<ul><li><strong><a href=\"https:\/\/www.bassetti-group.com\/de\/white-paper-datenbanken\/\">Datenbanken<\/a><\/strong> : Welchen Datenbanktyp w\u00e4hlen Sie f\u00fcr Ihren Zweck?<\/li><\/ul>\t\t\t\t\t\t\t\t<\/div>\n\t\t\t\t<\/div>\n\t\t\t\t<\/div>\n\t\t\t\t<\/div>\n\t\t\t\t<\/div>\n\t\t","protected":false},"excerpt":{"rendered":"<p>Unsere whitepapers LIMS LIMS : Digitalisierung ihrer laboraktivit\u00e4ten. ELN : Maximieren Sie die operative Effizienz Ihrer Laboraktivit\u00e4ten. Unsere withepapers Quality Quality: der probleml\u00f6sungsansatz. Unsere withepapers Additive Manufacturing Additive Manufacturing :&#8230;<\/p>\n","protected":false},"author":58,"featured_media":0,"parent":0,"menu_order":0,"comment_status":"closed","ping_status":"closed","template":"elementor_header_footer","meta":{"_acf_changed":false,"footnotes":""},"class_list":["post-376460","page","type-page","status-publish"],"acf":[],"_links":{"self":[{"href":"https:\/\/www.bassetti-group.com\/de\/wp-json\/wp\/v2\/pages\/376460","targetHints":{"allow":["GET"]}}],"collection":[{"href":"https:\/\/www.bassetti-group.com\/de\/wp-json\/wp\/v2\/pages"}],"about":[{"href":"https:\/\/www.bassetti-group.com\/de\/wp-json\/wp\/v2\/types\/page"}],"author":[{"embeddable":true,"href":"https:\/\/www.bassetti-group.com\/de\/wp-json\/wp\/v2\/users\/58"}],"replies":[{"embeddable":true,"href":"https:\/\/www.bassetti-group.com\/de\/wp-json\/wp\/v2\/comments?post=376460"}],"version-history":[{"count":11,"href":"https:\/\/www.bassetti-group.com\/de\/wp-json\/wp\/v2\/pages\/376460\/revisions"}],"predecessor-version":[{"id":379831,"href":"https:\/\/www.bassetti-group.com\/de\/wp-json\/wp\/v2\/pages\/376460\/revisions\/379831"}],"wp:attachment":[{"href":"https:\/\/www.bassetti-group.com\/de\/wp-json\/wp\/v2\/media?parent=376460"}],"curies":[{"name":"wp","href":"https:\/\/api.w.org\/{rel}","templated":true}]}}