{"id":40816,"date":"2022-03-31T11:03:27","date_gmt":"2022-03-31T09:03:27","guid":{"rendered":"https:\/\/www.bassetti-group.com\/?page_id=40816"},"modified":"2024-07-24T13:36:01","modified_gmt":"2024-07-24T11:36:01","slug":"pressemitteilungen","status":"publish","type":"page","link":"https:\/\/www.bassetti-group.com\/de\/pressemitteilungen\/","title":{"rendered":"PRESSEMITTEILUNGEN"},"content":{"rendered":"\t\t<div data-elementor-type=\"wp-page\" data-elementor-id=\"40816\" class=\"elementor elementor-40816 elementor-38631\" data-elementor-settings=\"{&quot;ha_cmc_init_switcher&quot;:&quot;no&quot;}\" data-elementor-post-type=\"page\">\n\t\t\t\t\t\t<section class=\"elementor-section elementor-top-section elementor-element elementor-element-5bd70d7b elementor-section-stretched elementor-section-height-min-height elementor-section-boxed elementor-section-height-default elementor-section-items-middle wpr-particle-no wpr-jarallax-no wpr-parallax-no wpr-sticky-section-no wpr-column-slider-no wpr-equal-height-no\" data-id=\"5bd70d7b\" data-element_type=\"section\" data-e-type=\"section\" data-settings=\"{&quot;stretch_section&quot;:&quot;section-stretched&quot;,&quot;background_background&quot;:&quot;classic&quot;,&quot;_ha_eqh_enable&quot;:false}\">\n\t\t\t\t\t\t<div class=\"elementor-container elementor-column-gap-default\">\n\t\t\t\t\t<div class=\"elementor-column elementor-col-100 elementor-top-column elementor-element elementor-element-1f76f5d4\" data-id=\"1f76f5d4\" data-element_type=\"column\" data-e-type=\"column\" data-settings=\"{&quot;background_background&quot;:&quot;classic&quot;}\">\n\t\t\t<div class=\"elementor-widget-wrap elementor-element-populated\">\n\t\t\t\t\t\t<div class=\"elementor-element elementor-element-20f98b2b elementor-widget__width-initial elementor-widget elementor-widget-heading\" data-id=\"20f98b2b\" data-element_type=\"widget\" data-e-type=\"widget\" data-widget_type=\"heading.default\">\n\t\t\t\t<div class=\"elementor-widget-container\">\n\t\t\t\t\t<h1 class=\"elementor-heading-title elementor-size-medium\"><strong>PRESSEMITTEILUNGEN<\/strong><\/h1>\t\t\t\t<\/div>\n\t\t\t\t<\/div>\n\t\t\t\t\t<\/div>\n\t\t<\/div>\n\t\t\t\t\t<\/div>\n\t\t<\/section>\n\t\t\t\t<section class=\"elementor-section elementor-top-section elementor-element elementor-element-1bb6ae0 elementor-section-boxed elementor-section-height-default elementor-section-height-default wpr-particle-no wpr-jarallax-no wpr-parallax-no wpr-sticky-section-no wpr-column-slider-no wpr-equal-height-no\" data-id=\"1bb6ae0\" data-element_type=\"section\" data-e-type=\"section\" data-settings=\"{&quot;_ha_eqh_enable&quot;:false}\">\n\t\t\t\t\t\t<div class=\"elementor-container elementor-column-gap-default\">\n\t\t\t\t\t<div class=\"elementor-column elementor-col-100 elementor-top-column elementor-element elementor-element-423296a\" data-id=\"423296a\" data-element_type=\"column\" data-e-type=\"column\">\n\t\t\t<div class=\"elementor-widget-wrap elementor-element-populated\">\n\t\t\t\t\t\t<div class=\"elementor-element elementor-element-4841ebc elementor-grid-3 elementor-grid-tablet-2 elementor-grid-mobile-1 elementor-posts--thumbnail-top elementor-widget elementor-widget-posts\" data-id=\"4841ebc\" data-element_type=\"widget\" data-e-type=\"widget\" data-settings=\"{&quot;classic_row_gap&quot;:{&quot;unit&quot;:&quot;px&quot;,&quot;size&quot;:&quot;50&quot;,&quot;sizes&quot;:[]},&quot;pagination_type&quot;:&quot;numbers&quot;,&quot;classic_columns&quot;:&quot;3&quot;,&quot;classic_columns_tablet&quot;:&quot;2&quot;,&quot;classic_columns_mobile&quot;:&quot;1&quot;,&quot;classic_row_gap_tablet&quot;:{&quot;unit&quot;:&quot;px&quot;,&quot;size&quot;:&quot;&quot;,&quot;sizes&quot;:[]},&quot;classic_row_gap_mobile&quot;:{&quot;unit&quot;:&quot;px&quot;,&quot;size&quot;:&quot;&quot;,&quot;sizes&quot;:[]}}\" data-widget_type=\"posts.classic\">\n\t\t\t\t<div class=\"elementor-widget-container\">\n\t\t\t\t\t\t\t<div class=\"elementor-posts-container elementor-posts elementor-posts--skin-classic elementor-grid\" role=\"list\">\n\t\t\t\t<article class=\"elementor-post elementor-grid-item post-191375 post type-post status-publish format-standard has-post-thumbnail category-news category-pressemitteilungen tag-webinar-de\" role=\"listitem\">\n\t\t\t\t<a class=\"elementor-post__thumbnail__link\" href=\"https:\/\/www.bassetti-group.com\/de\/die-bassetti-group-expandiert-via-tunesien-nach-afrika\/\" tabindex=\"-1\" target=&quot;_blank&quot;>\n\t\t\t<div class=\"elementor-post__thumbnail\"><img fetchpriority=\"high\" decoding=\"async\" width=\"1024\" height=\"576\" src=\"https:\/\/www.bassetti-group.com\/wp-content\/uploads\/2024\/09\/art_bassetti_1280x720_V2-2-1024x576.jpg\" class=\"attachment-large size-large wp-image-191656\" alt=\"BASSETTI Group Expands into Africa via Tunisia\" srcset=\"https:\/\/www.bassetti-group.com\/wp-content\/uploads\/2024\/09\/art_bassetti_1280x720_V2-2-1024x576.jpg 1024w, https:\/\/www.bassetti-group.com\/wp-content\/uploads\/2024\/09\/art_bassetti_1280x720_V2-2-300x169.jpg 300w, https:\/\/www.bassetti-group.com\/wp-content\/uploads\/2024\/09\/art_bassetti_1280x720_V2-2-768x432.jpg 768w, https:\/\/www.bassetti-group.com\/wp-content\/uploads\/2024\/09\/art_bassetti_1280x720_V2-2.jpg 1280w\" sizes=\"(max-width: 1024px) 100vw, 1024px\" \/><\/div>\n\t\t<\/a>\n\t\t\t\t<div class=\"elementor-post__text\">\n\t\t\t\t<h3 class=\"elementor-post__title\">\n\t\t\t<a href=\"https:\/\/www.bassetti-group.com\/de\/die-bassetti-group-expandiert-via-tunesien-nach-afrika\/\" target=&quot;_blank&quot;>\n\t\t\t\tDie BASSETTI-Group expandiert via Tunesien nach Afrika\t\t\t<\/a>\n\t\t<\/h3>\n\t\t\n\t\t<a class=\"elementor-post__read-more\" href=\"https:\/\/www.bassetti-group.com\/de\/die-bassetti-group-expandiert-via-tunesien-nach-afrika\/\" aria-label=\"Mehr \u00fcber Die BASSETTI-Group expandiert via Tunesien nach Afrika\" tabindex=\"-1\" target=\"_blank\">\n\t\t\tMehr lesen\t\t<\/a>\n\n\t\t\t\t<\/div>\n\t\t\t\t<\/article>\n\t\t\t\t<article class=\"elementor-post elementor-grid-item post-95771 post type-post status-publish format-standard has-post-thumbnail category-news category-pressemitteilungen tag-blog-artikel\" role=\"listitem\">\n\t\t\t\t<a class=\"elementor-post__thumbnail__link\" href=\"https:\/\/www.bassetti-group.com\/de\/bassetti-group-uebernimmt-den-deutschen-softwareanbieter-maqsima\/\" tabindex=\"-1\" target=&quot;_blank&quot;>\n\t\t\t<div class=\"elementor-post__thumbnail\"><img decoding=\"async\" width=\"1024\" height=\"768\" src=\"https:\/\/www.bassetti-group.com\/wp-content\/uploads\/2024\/03\/IMG-20240321-WA0000-1024x768.jpg\" class=\"attachment-large size-large wp-image-95508\" alt=\"Le groupe BASSETTI renforce sa pr\u00e9sence en Allemagne par l&#039;acquisition de MAQSIMA\" srcset=\"https:\/\/www.bassetti-group.com\/wp-content\/uploads\/2024\/03\/IMG-20240321-WA0000-1024x768.jpg 1024w, https:\/\/www.bassetti-group.com\/wp-content\/uploads\/2024\/03\/IMG-20240321-WA0000-300x225.jpg 300w, https:\/\/www.bassetti-group.com\/wp-content\/uploads\/2024\/03\/IMG-20240321-WA0000-768x576.jpg 768w, https:\/\/www.bassetti-group.com\/wp-content\/uploads\/2024\/03\/IMG-20240321-WA0000-1536x1152.jpg 1536w, https:\/\/www.bassetti-group.com\/wp-content\/uploads\/2024\/03\/IMG-20240321-WA0000.jpg 1600w\" sizes=\"(max-width: 1024px) 100vw, 1024px\" \/><\/div>\n\t\t<\/a>\n\t\t\t\t<div class=\"elementor-post__text\">\n\t\t\t\t<h3 class=\"elementor-post__title\">\n\t\t\t<a href=\"https:\/\/www.bassetti-group.com\/de\/bassetti-group-uebernimmt-den-deutschen-softwareanbieter-maqsima\/\" target=&quot;_blank&quot;>\n\t\t\t\tBASSETTI Group \u00fcbernimmt den deutschen Softwareanbieter MAQSIMA\t\t\t<\/a>\n\t\t<\/h3>\n\t\t\n\t\t<a class=\"elementor-post__read-more\" href=\"https:\/\/www.bassetti-group.com\/de\/bassetti-group-uebernimmt-den-deutschen-softwareanbieter-maqsima\/\" aria-label=\"Mehr \u00fcber BASSETTI Group \u00fcbernimmt den deutschen Softwareanbieter MAQSIMA\" tabindex=\"-1\" target=\"_blank\">\n\t\t\tMehr lesen\t\t<\/a>\n\n\t\t\t\t<\/div>\n\t\t\t\t<\/article>\n\t\t\t\t<article class=\"elementor-post elementor-grid-item post-80001 post type-post status-publish format-standard has-post-thumbnail category-pressemitteilungen\" role=\"listitem\">\n\t\t\t\t<a class=\"elementor-post__thumbnail__link\" href=\"https:\/\/www.bassetti-group.com\/de\/ggb-gewinnt-an-effizienz-mit-dem-wissensmanagementsystem-der-bassetti-gruppe\/\" tabindex=\"-1\" target=&quot;_blank&quot;>\n\t\t\t<div class=\"elementor-post__thumbnail\"><img decoding=\"async\" width=\"1024\" height=\"576\" src=\"https:\/\/www.bassetti-group.com\/wp-content\/uploads\/2023\/05\/AdobeStock_498097197-1024x576-1.jpeg\" class=\"attachment-large size-large wp-image-186681\" alt=\"\" srcset=\"https:\/\/www.bassetti-group.com\/wp-content\/uploads\/2023\/05\/AdobeStock_498097197-1024x576-1.jpeg 1024w, https:\/\/www.bassetti-group.com\/wp-content\/uploads\/2023\/05\/AdobeStock_498097197-1024x576-1-300x169.jpeg 300w, https:\/\/www.bassetti-group.com\/wp-content\/uploads\/2023\/05\/AdobeStock_498097197-1024x576-1-768x432.jpeg 768w\" sizes=\"(max-width: 1024px) 100vw, 1024px\" \/><\/div>\n\t\t<\/a>\n\t\t\t\t<div class=\"elementor-post__text\">\n\t\t\t\t<h3 class=\"elementor-post__title\">\n\t\t\t<a href=\"https:\/\/www.bassetti-group.com\/de\/ggb-gewinnt-an-effizienz-mit-dem-wissensmanagementsystem-der-bassetti-gruppe\/\" target=&quot;_blank&quot;>\n\t\t\t\tGGB gewinnt an Effizienz mit der Wissensmanagement-Software der BASSETTI-Gruppe\t\t\t<\/a>\n\t\t<\/h3>\n\t\t\n\t\t<a class=\"elementor-post__read-more\" href=\"https:\/\/www.bassetti-group.com\/de\/ggb-gewinnt-an-effizienz-mit-dem-wissensmanagementsystem-der-bassetti-gruppe\/\" aria-label=\"Mehr \u00fcber GGB gewinnt an Effizienz mit der Wissensmanagement-Software der BASSETTI-Gruppe\" tabindex=\"-1\" target=\"_blank\">\n\t\t\tMehr lesen\t\t<\/a>\n\n\t\t\t\t<\/div>\n\t\t\t\t<\/article>\n\t\t\t\t<article class=\"elementor-post elementor-grid-item post-74598 post type-post status-publish format-standard has-post-thumbnail category-news category-messe-news category-pressemitteilungen tag-blog-artikel\" role=\"listitem\">\n\t\t\t\t<a class=\"elementor-post__thumbnail__link\" href=\"https:\/\/www.bassetti-group.com\/de\/european-fmea-congress-bassetti-group-praesentiert-innovative-loesungen-fuer-das-management-von-qualitaetsrisiken\/\" tabindex=\"-1\" target=&quot;_blank&quot;>\n\t\t\t<div class=\"elementor-post__thumbnail\"><img loading=\"lazy\" decoding=\"async\" width=\"1024\" height=\"506\" src=\"https:\/\/www.bassetti-group.com\/wp-content\/uploads\/2023\/04\/AdobeStock_561482969-1024x506-1.jpeg\" class=\"attachment-large size-large wp-image-186710\" alt=\"\" srcset=\"https:\/\/www.bassetti-group.com\/wp-content\/uploads\/2023\/04\/AdobeStock_561482969-1024x506-1.jpeg 1024w, https:\/\/www.bassetti-group.com\/wp-content\/uploads\/2023\/04\/AdobeStock_561482969-1024x506-1-300x148.jpeg 300w, https:\/\/www.bassetti-group.com\/wp-content\/uploads\/2023\/04\/AdobeStock_561482969-1024x506-1-768x380.jpeg 768w\" sizes=\"(max-width: 1024px) 100vw, 1024px\" \/><\/div>\n\t\t<\/a>\n\t\t\t\t<div class=\"elementor-post__text\">\n\t\t\t\t<h3 class=\"elementor-post__title\">\n\t\t\t<a href=\"https:\/\/www.bassetti-group.com\/de\/european-fmea-congress-bassetti-group-praesentiert-innovative-loesungen-fuer-das-management-von-qualitaetsrisiken\/\" target=&quot;_blank&quot;>\n\t\t\t\tEuropean FMEA Congress: BASSETTI-GROUP pr\u00e4sentiert innovative L\u00f6sungen f\u00fcr das Managament von Qualit\u00e4tsrisiken\t\t\t<\/a>\n\t\t<\/h3>\n\t\t\n\t\t<a class=\"elementor-post__read-more\" href=\"https:\/\/www.bassetti-group.com\/de\/european-fmea-congress-bassetti-group-praesentiert-innovative-loesungen-fuer-das-management-von-qualitaetsrisiken\/\" aria-label=\"Mehr \u00fcber European FMEA Congress: BASSETTI-GROUP pr\u00e4sentiert innovative L\u00f6sungen f\u00fcr das Managament von Qualit\u00e4tsrisiken\" tabindex=\"-1\" target=\"_blank\">\n\t\t\tMehr lesen\t\t<\/a>\n\n\t\t\t\t<\/div>\n\t\t\t\t<\/article>\n\t\t\t\t<article class=\"elementor-post elementor-grid-item post-44044 post type-post status-publish format-standard has-post-thumbnail category-pressemitteilungen\" role=\"listitem\">\n\t\t\t\t<a class=\"elementor-post__thumbnail__link\" href=\"https:\/\/www.bassetti-group.com\/de\/meetsys-wissensmanagement\/\" tabindex=\"-1\" target=&quot;_blank&quot;>\n\t\t\t<div class=\"elementor-post__thumbnail\"><img loading=\"lazy\" decoding=\"async\" width=\"1024\" height=\"683\" src=\"https:\/\/www.bassetti-group.com\/wp-content\/uploads\/2021\/11\/AdobeStock_364545019-1024x683.jpeg\" class=\"attachment-large size-large wp-image-32473\" alt=\"\" srcset=\"https:\/\/www.bassetti-group.com\/wp-content\/uploads\/2021\/11\/AdobeStock_364545019-1024x683.jpeg 1024w, https:\/\/www.bassetti-group.com\/wp-content\/uploads\/2021\/11\/AdobeStock_364545019-300x200.jpeg 300w, https:\/\/www.bassetti-group.com\/wp-content\/uploads\/2021\/11\/AdobeStock_364545019-768x512.jpeg 768w, https:\/\/www.bassetti-group.com\/wp-content\/uploads\/2021\/11\/AdobeStock_364545019-1536x1025.jpeg 1536w, https:\/\/www.bassetti-group.com\/wp-content\/uploads\/2021\/11\/AdobeStock_364545019-2048x1366.jpeg 2048w, https:\/\/www.bassetti-group.com\/wp-content\/uploads\/2021\/11\/AdobeStock_364545019-900x600.jpeg 900w\" sizes=\"(max-width: 1024px) 100vw, 1024px\" \/><\/div>\n\t\t<\/a>\n\t\t\t\t<div class=\"elementor-post__text\">\n\t\t\t\t<h3 class=\"elementor-post__title\">\n\t\t\t<a href=\"https:\/\/www.bassetti-group.com\/de\/meetsys-wissensmanagement\/\" target=&quot;_blank&quot;>\n\t\t\t\tMEETSYS schlie\u00dft sich der BASSETTI Gruppe an\t\t\t<\/a>\n\t\t<\/h3>\n\t\t\n\t\t<a class=\"elementor-post__read-more\" href=\"https:\/\/www.bassetti-group.com\/de\/meetsys-wissensmanagement\/\" aria-label=\"Mehr \u00fcber MEETSYS schlie\u00dft sich der BASSETTI Gruppe an\" tabindex=\"-1\" target=\"_blank\">\n\t\t\tMehr lesen\t\t<\/a>\n\n\t\t\t\t<\/div>\n\t\t\t\t<\/article>\n\t\t\t\t<article class=\"elementor-post elementor-grid-item post-40813 post type-post status-publish format-standard has-post-thumbnail category-news category-pressemitteilungen\" role=\"listitem\">\n\t\t\t\t<a class=\"elementor-post__thumbnail__link\" href=\"https:\/\/www.bassetti-group.com\/de\/araymond-ist-ein-beispiel-erfolgreicher-zusammenarbeit-mit-bassetti\/\" tabindex=\"-1\" target=&quot;_blank&quot;>\n\t\t\t<div class=\"elementor-post__thumbnail\"><img loading=\"lazy\" decoding=\"async\" width=\"1024\" height=\"435\" src=\"https:\/\/www.bassetti-group.com\/wp-content\/uploads\/2022\/03\/ARAYMOND-1024x435.jpeg\" class=\"attachment-large size-large wp-image-188225\" alt=\"ARAYMOND\" srcset=\"https:\/\/www.bassetti-group.com\/wp-content\/uploads\/2022\/03\/ARAYMOND-1024x435.jpeg 1024w, https:\/\/www.bassetti-group.com\/wp-content\/uploads\/2022\/03\/ARAYMOND-300x127.jpeg 300w, https:\/\/www.bassetti-group.com\/wp-content\/uploads\/2022\/03\/ARAYMOND-768x326.jpeg 768w, https:\/\/www.bassetti-group.com\/wp-content\/uploads\/2022\/03\/ARAYMOND-1536x652.jpeg 1536w, https:\/\/www.bassetti-group.com\/wp-content\/uploads\/2022\/03\/ARAYMOND-2048x870.jpeg 2048w\" sizes=\"(max-width: 1024px) 100vw, 1024px\" \/><\/div>\n\t\t<\/a>\n\t\t\t\t<div class=\"elementor-post__text\">\n\t\t\t\t<h3 class=\"elementor-post__title\">\n\t\t\t<a href=\"https:\/\/www.bassetti-group.com\/de\/araymond-ist-ein-beispiel-erfolgreicher-zusammenarbeit-mit-bassetti\/\" target=&quot;_blank&quot;>\n\t\t\t\tARaymond ist ein Beispiel erfolgreicher Zusammenarbeit mit BASSETTI\t\t\t<\/a>\n\t\t<\/h3>\n\t\t\n\t\t<a class=\"elementor-post__read-more\" href=\"https:\/\/www.bassetti-group.com\/de\/araymond-ist-ein-beispiel-erfolgreicher-zusammenarbeit-mit-bassetti\/\" aria-label=\"Mehr \u00fcber ARaymond ist ein Beispiel erfolgreicher Zusammenarbeit mit BASSETTI\" tabindex=\"-1\" target=\"_blank\">\n\t\t\tMehr lesen\t\t<\/a>\n\n\t\t\t\t<\/div>\n\t\t\t\t<\/article>\n\t\t\t\t<\/div>\n\t\t\n\t\t\t\t\t\t<\/div>\n\t\t\t\t<\/div>\n\t\t\t\t\t<\/div>\n\t\t<\/div>\n\t\t\t\t\t<\/div>\n\t\t<\/section>\n\t\t\t\t<\/div>\n\t\t","protected":false},"excerpt":{"rendered":"<p>PRESSEMITTEILUNGEN<\/p>\n","protected":false},"author":44,"featured_media":0,"parent":0,"menu_order":0,"comment_status":"closed","ping_status":"closed","template":"","meta":{"_acf_changed":false,"footnotes":""},"class_list":["post-40816","page","type-page","status-publish"],"acf":[],"_links":{"self":[{"href":"https:\/\/www.bassetti-group.com\/de\/wp-json\/wp\/v2\/pages\/40816","targetHints":{"allow":["GET"]}}],"collection":[{"href":"https:\/\/www.bassetti-group.com\/de\/wp-json\/wp\/v2\/pages"}],"about":[{"href":"https:\/\/www.bassetti-group.com\/de\/wp-json\/wp\/v2\/types\/page"}],"author":[{"embeddable":true,"href":"https:\/\/www.bassetti-group.com\/de\/wp-json\/wp\/v2\/users\/44"}],"replies":[{"embeddable":true,"href":"https:\/\/www.bassetti-group.com\/de\/wp-json\/wp\/v2\/comments?post=40816"}],"version-history":[{"count":0,"href":"https:\/\/www.bassetti-group.com\/de\/wp-json\/wp\/v2\/pages\/40816\/revisions"}],"wp:attachment":[{"href":"https:\/\/www.bassetti-group.com\/de\/wp-json\/wp\/v2\/media?parent=40816"}],"curies":[{"name":"wp","href":"https:\/\/api.w.org\/{rel}","templated":true}]}}