{"id":176329,"date":"2024-06-10T09:26:13","date_gmt":"2024-06-10T07:26:13","guid":{"rendered":"https:\/\/www.bassetti-group.com\/seminars\/"},"modified":"2024-06-21T17:06:51","modified_gmt":"2024-06-21T15:06:51","slug":"seminars","status":"publish","type":"page","link":"https:\/\/www.bassetti-group.com\/en\/seminars\/","title":{"rendered":"Seminars"},"content":{"rendered":"\t\t<div data-elementor-type=\"wp-page\" data-elementor-id=\"176329\" class=\"elementor elementor-176329 elementor-91695\" data-elementor-settings=\"{&quot;ha_cmc_init_switcher&quot;:&quot;no&quot;}\" data-elementor-post-type=\"page\">\n\t\t\t\t\t\t<section class=\"elementor-section elementor-top-section elementor-element elementor-element-544afce2 elementor-section-stretched elementor-section-height-min-height elementor-hidden-tablet elementor-hidden-mobile elementor-section-boxed elementor-section-height-default elementor-section-items-middle wpr-particle-no wpr-jarallax-no wpr-parallax-no wpr-sticky-section-no wpr-equal-height-no\" data-id=\"544afce2\" data-element_type=\"section\" data-e-type=\"section\" data-settings=\"{&quot;stretch_section&quot;:&quot;section-stretched&quot;,&quot;background_background&quot;:&quot;classic&quot;,&quot;_ha_eqh_enable&quot;:false}\">\n\t\t\t\t\t\t<div class=\"elementor-container elementor-column-gap-default\">\n\t\t\t\t\t<div class=\"elementor-column elementor-col-100 elementor-top-column elementor-element elementor-element-1c74d373\" data-id=\"1c74d373\" data-element_type=\"column\" data-e-type=\"column\" data-settings=\"{&quot;background_background&quot;:&quot;classic&quot;}\">\n\t\t\t<div class=\"elementor-widget-wrap elementor-element-populated\">\n\t\t\t\t\t\t<div class=\"elementor-element elementor-element-f766930 elementor-widget elementor-widget-heading\" data-id=\"f766930\" data-element_type=\"widget\" data-e-type=\"widget\" data-widget_type=\"heading.default\">\n\t\t\t\t<div class=\"elementor-widget-container\">\n\t\t\t\t\t<h1 class=\"elementor-heading-title elementor-size-default\"><strong>PARTICIPATE<\/strong><br>TO OUR NEXT SEMINARS<\/h1>\t\t\t\t<\/div>\n\t\t\t\t<\/div>\n\t\t\t\t\t<\/div>\n\t\t<\/div>\n\t\t\t\t\t<\/div>\n\t\t<\/section>\n\t\t\t\t<section class=\"elementor-section elementor-top-section elementor-element elementor-element-9e4f7a8 elementor-section-boxed elementor-section-height-default elementor-section-height-default wpr-particle-no wpr-jarallax-no wpr-parallax-no wpr-sticky-section-no wpr-equal-height-no\" data-id=\"9e4f7a8\" data-element_type=\"section\" data-e-type=\"section\" data-settings=\"{&quot;_ha_eqh_enable&quot;:false}\">\n\t\t\t\t\t\t<div class=\"elementor-container elementor-column-gap-default\">\n\t\t\t\t\t<div class=\"elementor-column elementor-col-100 elementor-top-column elementor-element elementor-element-7877ebd\" data-id=\"7877ebd\" data-element_type=\"column\" data-e-type=\"column\">\n\t\t\t<div class=\"elementor-widget-wrap elementor-element-populated\">\n\t\t\t\t\t\t<div class=\"elementor-element elementor-element-d7ec299 elementor-widget elementor-widget-spacer\" data-id=\"d7ec299\" data-element_type=\"widget\" data-e-type=\"widget\" data-widget_type=\"spacer.default\">\n\t\t\t\t<div class=\"elementor-widget-container\">\n\t\t\t\t\t\t\t<div class=\"elementor-spacer\">\n\t\t\t<div class=\"elementor-spacer-inner\"><\/div>\n\t\t<\/div>\n\t\t\t\t\t\t<\/div>\n\t\t\t\t<\/div>\n\t\t\t\t\t<\/div>\n\t\t<\/div>\n\t\t\t\t\t<\/div>\n\t\t<\/section>\n\t\t\t\t<section class=\"elementor-section elementor-top-section elementor-element elementor-element-4c52a0c elementor-section-boxed elementor-section-height-default elementor-section-height-default wpr-particle-no wpr-jarallax-no wpr-parallax-no wpr-sticky-section-no wpr-equal-height-no\" data-id=\"4c52a0c\" data-element_type=\"section\" data-e-type=\"section\" data-settings=\"{&quot;_ha_eqh_enable&quot;:false}\">\n\t\t\t\t\t\t<div class=\"elementor-container elementor-column-gap-default\">\n\t\t\t\t\t<div class=\"elementor-column elementor-col-33 elementor-top-column elementor-element elementor-element-a460931\" data-id=\"a460931\" data-element_type=\"column\" data-e-type=\"column\">\n\t\t\t<div class=\"elementor-widget-wrap\">\n\t\t\t\t\t\t\t<\/div>\n\t\t<\/div>\n\t\t\t\t<div class=\"elementor-column elementor-col-33 elementor-top-column elementor-element elementor-element-b5c44cb\" data-id=\"b5c44cb\" data-element_type=\"column\" data-e-type=\"column\">\n\t\t\t<div class=\"elementor-widget-wrap\">\n\t\t\t\t\t\t\t<\/div>\n\t\t<\/div>\n\t\t\t\t<div class=\"elementor-column elementor-col-33 elementor-top-column elementor-element elementor-element-d6400b8\" data-id=\"d6400b8\" data-element_type=\"column\" data-e-type=\"column\">\n\t\t\t<div class=\"elementor-widget-wrap elementor-element-populated\">\n\t\t\t\t\t\t<div class=\"elementor-element elementor-element-0ec790d elementor-search-form--skin-minimal elementor-widget elementor-widget-search-form\" data-id=\"0ec790d\" data-element_type=\"widget\" data-e-type=\"widget\" data-settings=\"{&quot;skin&quot;:&quot;minimal&quot;}\" data-widget_type=\"search-form.default\">\n\t\t\t\t<div class=\"elementor-widget-container\">\n\t\t\t\t\t\t\t<search role=\"search\">\n\t\t\t<form class=\"elementor-search-form\" action=\"https:\/\/www.bassetti-group.com\/en\/\" method=\"get\">\n\t\t\t\t\t\t\t\t\t\t\t\t<div class=\"elementor-search-form__container\">\n\t\t\t\t\t<label class=\"elementor-screen-only\" for=\"elementor-search-form-0ec790d\">Search<\/label>\n\n\t\t\t\t\t\t\t\t\t\t\t<div class=\"elementor-search-form__icon\">\n\t\t\t\t\t\t\t<div class=\"e-font-icon-svg-container\"><svg aria-hidden=\"true\" class=\"e-font-icon-svg e-fas-search\" viewBox=\"0 0 512 512\" xmlns=\"http:\/\/www.w3.org\/2000\/svg\"><path d=\"M505 442.7L405.3 343c-4.5-4.5-10.6-7-17-7H372c27.6-35.3 44-79.7 44-128C416 93.1 322.9 0 208 0S0 93.1 0 208s93.1 208 208 208c48.3 0 92.7-16.4 128-44v16.3c0 6.4 2.5 12.5 7 17l99.7 99.7c9.4 9.4 24.6 9.4 33.9 0l28.3-28.3c9.4-9.4 9.4-24.6.1-34zM208 336c-70.7 0-128-57.2-128-128 0-70.7 57.2-128 128-128 70.7 0 128 57.2 128 128 0 70.7-57.2 128-128 128z\"><\/path><\/svg><\/div>\t\t\t\t\t\t\t<span class=\"elementor-screen-only\">Search<\/span>\n\t\t\t\t\t\t<\/div>\n\t\t\t\t\t\n\t\t\t\t\t<input id=\"elementor-search-form-0ec790d\" placeholder=\"Search\" class=\"elementor-search-form__input\" type=\"search\" name=\"s\" value=\"\">\n\t\t\t\t\t<input type='hidden' name='lang' value='en' \/>\n\t\t\t\t\t\n\t\t\t\t\t\t\t\t\t<\/div>\n\t\t\t<\/form>\n\t\t<\/search>\n\t\t\t\t\t\t<\/div>\n\t\t\t\t<\/div>\n\t\t\t\t\t<\/div>\n\t\t<\/div>\n\t\t\t\t\t<\/div>\n\t\t<\/section>\n\t\t\t\t<section class=\"elementor-section elementor-top-section elementor-element elementor-element-2771cffe elementor-section-full_width elementor-section-height-default elementor-section-height-default wpr-particle-no wpr-jarallax-no wpr-parallax-no wpr-sticky-section-no wpr-equal-height-no\" data-id=\"2771cffe\" data-element_type=\"section\" data-e-type=\"section\" data-settings=\"{&quot;_ha_eqh_enable&quot;:false}\">\n\t\t\t\t\t\t<div class=\"elementor-container elementor-column-gap-default\">\n\t\t\t\t\t<div class=\"elementor-column elementor-col-100 elementor-top-column elementor-element elementor-element-1a51978b\" data-id=\"1a51978b\" data-element_type=\"column\" data-e-type=\"column\">\n\t\t\t<div class=\"elementor-widget-wrap elementor-element-populated\">\n\t\t\t\t\t\t<div class=\"elementor-element elementor-element-5827ae3a elementor-grid-3 elementor-grid-tablet-2 elementor-grid-mobile-1 elementor-posts--thumbnail-top elementor-widget elementor-widget-posts\" data-id=\"5827ae3a\" data-element_type=\"widget\" data-e-type=\"widget\" data-settings=\"{&quot;classic_row_gap&quot;:{&quot;unit&quot;:&quot;px&quot;,&quot;size&quot;:&quot;50&quot;,&quot;sizes&quot;:[]},&quot;pagination_type&quot;:&quot;numbers&quot;,&quot;classic_columns&quot;:&quot;3&quot;,&quot;classic_columns_tablet&quot;:&quot;2&quot;,&quot;classic_columns_mobile&quot;:&quot;1&quot;,&quot;classic_row_gap_tablet&quot;:{&quot;unit&quot;:&quot;px&quot;,&quot;size&quot;:&quot;&quot;,&quot;sizes&quot;:[]},&quot;classic_row_gap_mobile&quot;:{&quot;unit&quot;:&quot;px&quot;,&quot;size&quot;:&quot;&quot;,&quot;sizes&quot;:[]}}\" data-widget_type=\"posts.classic\">\n\t\t\t\t<div class=\"elementor-widget-container\">\n\t\t\t\t\t\t\t<div class=\"elementor-posts-container elementor-posts elementor-posts--skin-classic elementor-grid\" role=\"list\">\n\t\t\t\t<article class=\"elementor-post elementor-grid-item post-176446 post type-post status-publish format-standard has-post-thumbnail category-seminar-en tag-blog-post\" role=\"listitem\">\n\t\t\t\t<a class=\"elementor-post__thumbnail__link\" href=\"https:\/\/www.bassetti-group.com\/en\/take-part-in-the-nyco-customer-testimonial-breakfast-2\/\" tabindex=\"-1\" target=&quot;_blank&quot;>\n\t\t\t<div class=\"elementor-post__thumbnail\"><img fetchpriority=\"high\" decoding=\"async\" width=\"1024\" height=\"576\" src=\"https:\/\/www.bassetti-group.com\/wp-content\/uploads\/2024\/01\/VISUEL-DU-PDLIMS-NYCO-1024x576.png\" class=\"attachment-large size-large wp-image-89954\" alt=\"\" srcset=\"https:\/\/www.bassetti-group.com\/wp-content\/uploads\/2024\/01\/VISUEL-DU-PDLIMS-NYCO-1024x576.png 1024w, https:\/\/www.bassetti-group.com\/wp-content\/uploads\/2024\/01\/VISUEL-DU-PDLIMS-NYCO-300x169.png 300w, https:\/\/www.bassetti-group.com\/wp-content\/uploads\/2024\/01\/VISUEL-DU-PDLIMS-NYCO-768x432.png 768w, https:\/\/www.bassetti-group.com\/wp-content\/uploads\/2024\/01\/VISUEL-DU-PDLIMS-NYCO-1536x864.png 1536w, https:\/\/www.bassetti-group.com\/wp-content\/uploads\/2024\/01\/VISUEL-DU-PDLIMS-NYCO.png 1920w\" sizes=\"(max-width: 1024px) 100vw, 1024px\" \/><\/div>\n\t\t<\/a>\n\t\t\t\t<div class=\"elementor-post__text\">\n\t\t\t\t<h3 class=\"elementor-post__title\">\n\t\t\t<a href=\"https:\/\/www.bassetti-group.com\/en\/take-part-in-the-nyco-customer-testimonial-breakfast-2\/\" target=&quot;_blank&quot;>\n\t\t\t\tTake part in the NYCO customer testimonial breakfast\t\t\t<\/a>\n\t\t<\/h3>\n\t\t\n\t\t<a class=\"elementor-post__read-more\" href=\"https:\/\/www.bassetti-group.com\/en\/take-part-in-the-nyco-customer-testimonial-breakfast-2\/\" aria-label=\"Read more about Take part in the NYCO customer testimonial breakfast\" tabindex=\"-1\" target=\"_blank\">\n\t\t\tParticipate\t\t<\/a>\n\n\t\t\t\t<\/div>\n\t\t\t\t<\/article>\n\t\t\t\t<article class=\"elementor-post elementor-grid-item post-176144 post type-post status-publish format-standard has-post-thumbnail category-seminar-en tag-webinar-en\" role=\"listitem\">\n\t\t\t\t<a class=\"elementor-post__thumbnail__link\" href=\"https:\/\/www.bassetti-group.com\/en\/take-part-in-the-nyco-customer-testimonial-breakfast\/\" tabindex=\"-1\" target=&quot;_blank&quot;>\n\t\t\t<div class=\"elementor-post__thumbnail\"><img decoding=\"async\" width=\"1024\" height=\"576\" src=\"https:\/\/www.bassetti-group.com\/wp-content\/uploads\/2024\/05\/DECOUVREZ-COMMENT-FLEURY-MICHON-A-OPTIMISE-LA-DIGITALISATION-DE-SES-CONTROLES-QUALITE-AU-SEIN-DE-SES-LABORATOIRES-1024x576.jpg\" class=\"attachment-large size-large wp-image-136366\" alt=\"D\u00c9COUVREZ COMMENT FLEURY MICHON A OPTIMIS\u00c9 LA DIGITALISATION DE SES CONTR\u00d4LES QUALIT\u00c9 AU SEIN DE SES LABORATOIRES\" srcset=\"https:\/\/www.bassetti-group.com\/wp-content\/uploads\/2024\/05\/DECOUVREZ-COMMENT-FLEURY-MICHON-A-OPTIMISE-LA-DIGITALISATION-DE-SES-CONTROLES-QUALITE-AU-SEIN-DE-SES-LABORATOIRES-1024x576.jpg 1024w, https:\/\/www.bassetti-group.com\/wp-content\/uploads\/2024\/05\/DECOUVREZ-COMMENT-FLEURY-MICHON-A-OPTIMISE-LA-DIGITALISATION-DE-SES-CONTROLES-QUALITE-AU-SEIN-DE-SES-LABORATOIRES-300x169.jpg 300w, https:\/\/www.bassetti-group.com\/wp-content\/uploads\/2024\/05\/DECOUVREZ-COMMENT-FLEURY-MICHON-A-OPTIMISE-LA-DIGITALISATION-DE-SES-CONTROLES-QUALITE-AU-SEIN-DE-SES-LABORATOIRES-768x432.jpg 768w, https:\/\/www.bassetti-group.com\/wp-content\/uploads\/2024\/05\/DECOUVREZ-COMMENT-FLEURY-MICHON-A-OPTIMISE-LA-DIGITALISATION-DE-SES-CONTROLES-QUALITE-AU-SEIN-DE-SES-LABORATOIRES-1536x864.jpg 1536w, https:\/\/www.bassetti-group.com\/wp-content\/uploads\/2024\/05\/DECOUVREZ-COMMENT-FLEURY-MICHON-A-OPTIMISE-LA-DIGITALISATION-DE-SES-CONTROLES-QUALITE-AU-SEIN-DE-SES-LABORATOIRES.jpg 1920w\" sizes=\"(max-width: 1024px) 100vw, 1024px\" \/><\/div>\n\t\t<\/a>\n\t\t\t\t<div class=\"elementor-post__text\">\n\t\t\t\t<h3 class=\"elementor-post__title\">\n\t\t\t<a href=\"https:\/\/www.bassetti-group.com\/en\/take-part-in-the-nyco-customer-testimonial-breakfast\/\" target=&quot;_blank&quot;>\n\t\t\t\tTake part in the NYCO customer testimonial breakfast\t\t\t<\/a>\n\t\t<\/h3>\n\t\t\n\t\t<a class=\"elementor-post__read-more\" href=\"https:\/\/www.bassetti-group.com\/en\/take-part-in-the-nyco-customer-testimonial-breakfast\/\" aria-label=\"Read more about Take part in the NYCO customer testimonial breakfast\" tabindex=\"-1\" target=\"_blank\">\n\t\t\tParticipate\t\t<\/a>\n\n\t\t\t\t<\/div>\n\t\t\t\t<\/article>\n\t\t\t\t<\/div>\n\t\t\n\t\t\t\t\t\t<\/div>\n\t\t\t\t<\/div>\n\t\t\t\t\t<\/div>\n\t\t<\/div>\n\t\t\t\t\t<\/div>\n\t\t<\/section>\n\t\t\t\t<\/div>\n\t\t","protected":false},"excerpt":{"rendered":"<p>PARTICIPATETO OUR NEXT SEMINARS<\/p>\n","protected":false},"author":40,"featured_media":91748,"parent":0,"menu_order":0,"comment_status":"closed","ping_status":"closed","template":"","meta":{"_acf_changed":false,"footnotes":""},"class_list":["post-176329","page","type-page","status-publish","has-post-thumbnail"],"acf":[],"_links":{"self":[{"href":"https:\/\/www.bassetti-group.com\/en\/wp-json\/wp\/v2\/pages\/176329","targetHints":{"allow":["GET"]}}],"collection":[{"href":"https:\/\/www.bassetti-group.com\/en\/wp-json\/wp\/v2\/pages"}],"about":[{"href":"https:\/\/www.bassetti-group.com\/en\/wp-json\/wp\/v2\/types\/page"}],"author":[{"embeddable":true,"href":"https:\/\/www.bassetti-group.com\/en\/wp-json\/wp\/v2\/users\/40"}],"replies":[{"embeddable":true,"href":"https:\/\/www.bassetti-group.com\/en\/wp-json\/wp\/v2\/comments?post=176329"}],"version-history":[{"count":0,"href":"https:\/\/www.bassetti-group.com\/en\/wp-json\/wp\/v2\/pages\/176329\/revisions"}],"wp:featuredmedia":[{"embeddable":true,"href":"https:\/\/www.bassetti-group.com\/en\/wp-json\/wp\/v2\/media\/91748"}],"wp:attachment":[{"href":"https:\/\/www.bassetti-group.com\/en\/wp-json\/wp\/v2\/media?parent=176329"}],"curies":[{"name":"wp","href":"https:\/\/api.w.org\/{rel}","templated":true}]}}